{"id":72,"date":"2015-07-20T13:56:13","date_gmt":"2015-07-20T12:56:13","guid":{"rendered":"http:\/\/localhost\/wordpress\/?page_id=72"},"modified":"2021-01-05T11:33:40","modified_gmt":"2021-01-05T10:33:40","slug":"notre-philosophie","status":"publish","type":"page","link":"https:\/\/www.vins-humbrecht.com\/index.php\/notre-philosophie\/","title":{"rendered":"Notre philosophie"},"content":{"rendered":"\n<p>En 2019 <\/p>\n\n\n<p style=\"text-align: justify;\"><span style=\"color: #808080;\">En 2013, apr\u00e8s 3 ann\u00e9es de conversion, nos vins sont certifi\u00e9s Agriculture Biologique. Nous nous sommes<a style=\"color: #808080;\" href=\"\/wp-content\/uploads\/2015\/07\/DSC_0102m-border.jpg\"><img loading=\"lazy\" decoding=\"async\" class=\" wp-image-231 alignright\" src=\"\/wp-content\/uploads\/2015\/07\/DSC_0102m-border-207x300.jpg\" alt=\"DSC_0102m-border\" width=\"178\" height=\"258\" srcset=\"https:\/\/www.vins-humbrecht.com\/wp-content\/uploads\/2015\/07\/DSC_0102m-border-207x300.jpg 207w, https:\/\/www.vins-humbrecht.com\/wp-content\/uploads\/2015\/07\/DSC_0102m-border-300x436.jpg 300w, https:\/\/www.vins-humbrecht.com\/wp-content\/uploads\/2015\/07\/DSC_0102m-border.jpg 497w\" sizes=\"auto, (max-width: 178px) 100vw, 178px\" \/><\/a> orient\u00e9s vers une d\u00e9marche plus respectueuse de l&rsquo;environnement avec l&#8217;emploi de mati\u00e8res premi\u00e8res d&rsquo;origine naturelle. L&rsquo;objectif est de privil\u00e9gier la p\u00e9rennit\u00e9 des esp\u00e8ces animales et v\u00e9g\u00e9tales favorisant ainsi l&rsquo;\u00e9cosyst\u00e8me naturel.\u00a0<\/span><\/p>\n<p>\u00a0<\/p>\n<p><span style=\"color: #808080;\">En 2019, nous avons d\u00e9cid\u00e9 de franchir un cap suppl\u00e9mentaire et c&rsquo;\u00e9tait pour nous dans l&rsquo;ordre logique des choses de passer en Biodynamie. Elle vient compl\u00e9ter les choses mises en place pour l&rsquo;Agriculture Biologique, et vise l&rsquo;autosuffisance de la plante par diff\u00e9rentes actions r\u00e9alis\u00e9es au cours de l&rsquo;ann\u00e9e (500; 501; composte). On va essayer de recr\u00e9er un \u00e9cosyst\u00e8me dans nos vignes en prenant soin de la faune et de la flore pr\u00e9sentes dans nos vignes et notre verger. Pour nos traitements, nous allons utiliser, en compl\u00e9ment du cuivre et du souffre, des infusions de plantes (ortie et pr\u00eale). Diff\u00e9rentes pr\u00e9parations vont \u00eatre dynamis\u00e9es dans de l&rsquo;eau et ensuite pulv\u00e9ris\u00e9es soit sur la plante afin de la rendre plus r\u00e9sistante soit sur le sol pour favoriser la vie du sol.<\/span><\/p>\n\n\n<figure class=\"wp-block-image size-large is-resized\"><img loading=\"lazy\" decoding=\"async\" src=\"https:\/\/www.vins-humbrecht.com\/wp-content\/uploads\/2021\/01\/pulverisation.jpg\" alt=\"\" class=\"wp-image-2130\" width=\"475\" height=\"633\" srcset=\"https:\/\/www.vins-humbrecht.com\/wp-content\/uploads\/2021\/01\/pulverisation.jpg 1125w, https:\/\/www.vins-humbrecht.com\/wp-content\/uploads\/2021\/01\/pulverisation-225x300.jpg 225w, https:\/\/www.vins-humbrecht.com\/wp-content\/uploads\/2021\/01\/pulverisation-768x1024.jpg 768w, https:\/\/www.vins-humbrecht.com\/wp-content\/uploads\/2021\/01\/pulverisation-300x400.jpg 300w, https:\/\/www.vins-humbrecht.com\/wp-content\/uploads\/2021\/01\/pulverisation-600x800.jpg 600w\" sizes=\"auto, (max-width: 475px) 100vw, 475px\" \/><\/figure>\n\n\n\n<figure class=\"wp-block-image size-large is-resized\"><img loading=\"lazy\" decoding=\"async\" src=\"http:\/\/www.vins-humbrecht.com\/wp-content\/uploads\/2020\/08\/logo_bio_eurofeuille.png\" alt=\"\" class=\"wp-image-1961\" width=\"68\" height=\"28\" srcset=\"https:\/\/www.vins-humbrecht.com\/wp-content\/uploads\/2020\/08\/logo_bio_eurofeuille.png 400w, https:\/\/www.vins-humbrecht.com\/wp-content\/uploads\/2020\/08\/logo_bio_eurofeuille-300x125.png 300w\" sizes=\"auto, (max-width: 68px) 100vw, 68px\" \/><\/figure>\n\n\n\n<figure class=\"wp-block-image size-large is-resized\"><img loading=\"lazy\" decoding=\"async\" src=\"http:\/\/www.vins-humbrecht.com\/wp-content\/uploads\/2020\/08\/LOGO-DEMETER-COULEUR.jpg\" alt=\"\" class=\"wp-image-1962\" width=\"67\" height=\"37\" srcset=\"https:\/\/www.vins-humbrecht.com\/wp-content\/uploads\/2020\/08\/LOGO-DEMETER-COULEUR.jpg 2372w, https:\/\/www.vins-humbrecht.com\/wp-content\/uploads\/2020\/08\/LOGO-DEMETER-COULEUR-300x167.jpg 300w, https:\/\/www.vins-humbrecht.com\/wp-content\/uploads\/2020\/08\/LOGO-DEMETER-COULEUR-600x334.jpg 600w, https:\/\/www.vins-humbrecht.com\/wp-content\/uploads\/2020\/08\/LOGO-DEMETER-COULEUR-768x428.jpg 768w, https:\/\/www.vins-humbrecht.com\/wp-content\/uploads\/2020\/08\/LOGO-DEMETER-COULEUR-1536x856.jpg 1536w, https:\/\/www.vins-humbrecht.com\/wp-content\/uploads\/2020\/08\/LOGO-DEMETER-COULEUR-2048x1141.jpg 2048w\" sizes=\"auto, (max-width: 67px) 100vw, 67px\" \/><\/figure>\n","protected":false},"excerpt":{"rendered":"<p>En 2019 En 2013, apr\u00e8s 3 ann\u00e9es de conversion, nos vins sont certifi\u00e9s Agriculture Biologique. Nous nous sommes orient\u00e9s vers une d\u00e9marche plus respectueuse de l&rsquo;environnement avec l&#8217;emploi de mati\u00e8res premi\u00e8res d&rsquo;origine naturelle. L&rsquo;objectif&#46;&#46;&#46;<\/p>\n","protected":false},"author":1,"featured_media":236,"parent":0,"menu_order":0,"comment_status":"closed","ping_status":"open","template":"","meta":{"footnotes":""},"class_list":["post-72","page","type-page","status-publish","has-post-thumbnail","hentry"],"_links":{"self":[{"href":"https:\/\/www.vins-humbrecht.com\/index.php\/wp-json\/wp\/v2\/pages\/72","targetHints":{"allow":["GET"]}}],"collection":[{"href":"https:\/\/www.vins-humbrecht.com\/index.php\/wp-json\/wp\/v2\/pages"}],"about":[{"href":"https:\/\/www.vins-humbrecht.com\/index.php\/wp-json\/wp\/v2\/types\/page"}],"author":[{"embeddable":true,"href":"https:\/\/www.vins-humbrecht.com\/index.php\/wp-json\/wp\/v2\/users\/1"}],"replies":[{"embeddable":true,"href":"https:\/\/www.vins-humbrecht.com\/index.php\/wp-json\/wp\/v2\/comments?post=72"}],"version-history":[{"count":14,"href":"https:\/\/www.vins-humbrecht.com\/index.php\/wp-json\/wp\/v2\/pages\/72\/revisions"}],"predecessor-version":[{"id":2131,"href":"https:\/\/www.vins-humbrecht.com\/index.php\/wp-json\/wp\/v2\/pages\/72\/revisions\/2131"}],"wp:featuredmedia":[{"embeddable":true,"href":"https:\/\/www.vins-humbrecht.com\/index.php\/wp-json\/wp\/v2\/media\/236"}],"wp:attachment":[{"href":"https:\/\/www.vins-humbrecht.com\/index.php\/wp-json\/wp\/v2\/media?parent=72"}],"curies":[{"name":"wp","href":"https:\/\/api.w.org\/{rel}","templated":true}]}}