{"id":742,"date":"2015-10-30T10:29:54","date_gmt":"2015-10-30T09:29:54","guid":{"rendered":"http:\/\/www.vitiwiki.fr\/?page_id=742"},"modified":"2015-11-05T08:56:52","modified_gmt":"2015-11-05T07:56:52","slug":"indice-dexpression","status":"publish","type":"page","link":"https:\/\/www.vins-humbrecht.com\/index.php\/indice-dexpression\/","title":{"rendered":"Indice d&rsquo;expression"},"content":{"rendered":"<p><span style=\"color: #808080;\">L&rsquo;indice d&rsquo;expression permet de conna\u00eetre l&rsquo;\u00e9quilibre gustatif d&rsquo;un vin lors d&rsquo;une d\u00e9gustation ou d&rsquo;un accord mets\/vin. Il tient compte des sucres r\u00e9siduels, de l&rsquo;acidit\u00e9 et de l&rsquo;alcool.<\/span><\/p>\n<ul>\n<li><span style=\"color: #808080;\">1\u00a0 vin sec<\/span><\/li>\n<li><span style=\"color: #808080;\">2 \u00a0vin demi sec<\/span><\/li>\n<li><span style=\"color: #808080;\">3\u00a0 vin moelleux<\/span><\/li>\n<li><span style=\"color: #808080;\">4\u00a0 vin liquoreux<\/span><\/li>\n<\/ul>\n","protected":false},"excerpt":{"rendered":"<p>L&rsquo;indice d&rsquo;expression permet de conna\u00eetre l&rsquo;\u00e9quilibre gustatif d&rsquo;un vin lors d&rsquo;une d\u00e9gustation ou d&rsquo;un accord mets\/vin. Il tient compte des sucres r\u00e9siduels, de l&rsquo;acidit\u00e9 et de l&rsquo;alcool. 1\u00a0 vin sec 2 \u00a0vin demi sec&#46;&#46;&#46;<\/p>\n","protected":false},"author":1,"featured_media":0,"parent":0,"menu_order":0,"comment_status":"closed","ping_status":"closed","template":"onecolumn-page.php","meta":{"footnotes":""},"class_list":["post-742","page","type-page","status-publish","hentry"],"_links":{"self":[{"href":"https:\/\/www.vins-humbrecht.com\/index.php\/wp-json\/wp\/v2\/pages\/742","targetHints":{"allow":["GET"]}}],"collection":[{"href":"https:\/\/www.vins-humbrecht.com\/index.php\/wp-json\/wp\/v2\/pages"}],"about":[{"href":"https:\/\/www.vins-humbrecht.com\/index.php\/wp-json\/wp\/v2\/types\/page"}],"author":[{"embeddable":true,"href":"https:\/\/www.vins-humbrecht.com\/index.php\/wp-json\/wp\/v2\/users\/1"}],"replies":[{"embeddable":true,"href":"https:\/\/www.vins-humbrecht.com\/index.php\/wp-json\/wp\/v2\/comments?post=742"}],"version-history":[{"count":3,"href":"https:\/\/www.vins-humbrecht.com\/index.php\/wp-json\/wp\/v2\/pages\/742\/revisions"}],"predecessor-version":[{"id":850,"href":"https:\/\/www.vins-humbrecht.com\/index.php\/wp-json\/wp\/v2\/pages\/742\/revisions\/850"}],"wp:attachment":[{"href":"https:\/\/www.vins-humbrecht.com\/index.php\/wp-json\/wp\/v2\/media?parent=742"}],"curies":[{"name":"wp","href":"https:\/\/api.w.org\/{rel}","templated":true}]}}