{"id":76,"date":"2015-07-20T13:58:30","date_gmt":"2015-07-20T12:58:30","guid":{"rendered":"http:\/\/localhost\/wordpress\/?page_id=76"},"modified":"2021-01-04T13:31:21","modified_gmt":"2021-01-04T12:31:21","slug":"le-vignoble","status":"publish","type":"page","link":"https:\/\/www.vins-humbrecht.com\/index.php\/le-vignoble\/","title":{"rendered":"Le vignoble"},"content":{"rendered":"<p style=\"text-align: justify;\"><span style=\"color: #808080;\">Situ\u00e9 sur les coteaux de Gueberschwihr, Eguisheim, Pfaffenheim et Rouffach, chaque terroir donne sa sp\u00e9cificit\u00e9 au c\u00e9page. Argilo-marneux entre Pfaffenheim et<a style=\"color: #808080;\" href=\"\/wp-content\/uploads\/2015\/07\/vignoble1.jpg\"><img loading=\"lazy\" decoding=\"async\" class=\" wp-image-177 alignright\" src=\"\/wp-content\/uploads\/2015\/07\/vignoble1-300x171.jpg\" alt=\"vignoble\" width=\"242\" height=\"138\" srcset=\"https:\/\/www.vins-humbrecht.com\/wp-content\/uploads\/2015\/07\/vignoble1-300x171.jpg 300w, https:\/\/www.vins-humbrecht.com\/wp-content\/uploads\/2015\/07\/vignoble1-600x342.jpg 600w, https:\/\/www.vins-humbrecht.com\/wp-content\/uploads\/2015\/07\/vignoble1.jpg 960w\" sizes=\"auto, (max-width: 242px) 100vw, 242px\" \/><\/a> Gueberschwihr, argilo-marno-calcaire entre Eguisheim et Gueberschwihr. B\u00e9n\u00e9ficiant du micro-climat de Rouffach, la pluviom\u00e9trie est relativement faible (environ 500mm\/an) et le foehn (vent chaud) permettent de cultiver la vigne dans les meilleures conditions. Cela va permettre de r\u00e9duire les maladies cryptogamiques (champignons) et ainsi limiter les interventions (traitements), tout en gardant une qualit\u00e9 sanitaire optimale.<\/span><\/p>\n<p style=\"text-align: justify;\"><span style=\"color: #808080;\">Nous exploitons \u00e9galement plusieurs Grands Crus : le Goldert \u00e0 Gueberschwihr et le Steinert \u00e0 Pfaffenheim<\/span><\/p>\n<p style=\"text-align: justify;\"><span style=\"color: #808080;\">Le Grand Cru Goldert situ\u00e9 entre 230 et 300m d&rsquo;altitude b\u00e9n\u00e9ficie d&rsquo;un micro-climat et d&rsquo;un terroir exceptionnel sur des sols marneux riches en cailloutis calcaires (calcaire oolithique). Ses particularit\u00e9s vont permettre de produire des vins riches et d&rsquo;une qualit\u00e9 exceptionnelle. Nous y cultivons du Gewurztraminer et du Muscat que le terroir va marquer de son empreinte en leurs conf\u00e9rant des ar\u00f4mes \u00e9pic\u00e9s, une belle acidit\u00e9, et une grande richesse. <\/span><\/p>\n<p style=\"text-align: justify;\"><span style=\"color: #808080;\">Le Grand Cru Steinert situ\u00e9 entre 250 et 350m d&rsquo;altitude b\u00e9n\u00e9ficie \u00e9galement du m\u00eame micro-climat que le Grand Cru Goldert, Son sol, sec et filtrant, est tr\u00e8s largement calcaire. Il forme un terroir homog\u00e8ne dans le Dogger oolithique que recouvrent en aval des \u00e9boulis pierreux de m\u00eame nature. C&rsquo;est une parcelle de Pinot Gris que nous cultivons la-bas, le terroir va marquer les vins par des notes de fruits blancs bien m\u00fbrs et de r\u00e9glisse, le tout dans une grande g\u00e9n\u00e9rosit\u00e9, et pendant de longues ann\u00e9es.<\/span><\/p>\n\n\n<p><\/p>\n\n\n\n<figure class=\"wp-block-image size-large is-resized\"><img loading=\"lazy\" decoding=\"async\" src=\"https:\/\/www.vins-humbrecht.com\/wp-content\/uploads\/2021\/01\/Goldert-steinert.jpg\" alt=\"\" class=\"wp-image-2100\" width=\"600\" height=\"600\" srcset=\"https:\/\/www.vins-humbrecht.com\/wp-content\/uploads\/2021\/01\/Goldert-steinert.jpg 1125w, https:\/\/www.vins-humbrecht.com\/wp-content\/uploads\/2021\/01\/Goldert-steinert-300x300.jpg 300w, https:\/\/www.vins-humbrecht.com\/wp-content\/uploads\/2021\/01\/Goldert-steinert-150x150.jpg 150w, https:\/\/www.vins-humbrecht.com\/wp-content\/uploads\/2021\/01\/Goldert-steinert-768x768.jpg 768w, https:\/\/www.vins-humbrecht.com\/wp-content\/uploads\/2021\/01\/Goldert-steinert-160x160.jpg 160w, https:\/\/www.vins-humbrecht.com\/wp-content\/uploads\/2021\/01\/Goldert-steinert-320x320.jpg 320w, https:\/\/www.vins-humbrecht.com\/wp-content\/uploads\/2021\/01\/Goldert-steinert-600x600.jpg 600w, https:\/\/www.vins-humbrecht.com\/wp-content\/uploads\/2021\/01\/Goldert-steinert-100x100.jpg 100w\" sizes=\"auto, (max-width: 600px) 100vw, 600px\" \/><figcaption>Grand Cru Steinert &#8211; Grand Cru Goldert<\/figcaption><\/figure>\n\n\n\n<p><\/p>\n\n\n\n<figure class=\"wp-block-image size-large is-resized\"><img loading=\"lazy\" decoding=\"async\" src=\"http:\/\/www.vins-humbrecht.com\/wp-content\/uploads\/2020\/08\/logo_bio_eurofeuille.png\" alt=\"\" class=\"wp-image-1961\" width=\"88\" height=\"37\" srcset=\"https:\/\/www.vins-humbrecht.com\/wp-content\/uploads\/2020\/08\/logo_bio_eurofeuille.png 400w, https:\/\/www.vins-humbrecht.com\/wp-content\/uploads\/2020\/08\/logo_bio_eurofeuille-300x125.png 300w\" sizes=\"auto, (max-width: 88px) 100vw, 88px\" \/><\/figure>\n\n\n\n<figure class=\"wp-block-image size-large is-resized\"><img loading=\"lazy\" decoding=\"async\" src=\"http:\/\/www.vins-humbrecht.com\/wp-content\/uploads\/2020\/08\/LOGO-DEMETER-COULEUR.jpg\" alt=\"\" class=\"wp-image-1962\" width=\"87\" height=\"48\" srcset=\"https:\/\/www.vins-humbrecht.com\/wp-content\/uploads\/2020\/08\/LOGO-DEMETER-COULEUR.jpg 2372w, https:\/\/www.vins-humbrecht.com\/wp-content\/uploads\/2020\/08\/LOGO-DEMETER-COULEUR-300x167.jpg 300w, https:\/\/www.vins-humbrecht.com\/wp-content\/uploads\/2020\/08\/LOGO-DEMETER-COULEUR-600x334.jpg 600w, https:\/\/www.vins-humbrecht.com\/wp-content\/uploads\/2020\/08\/LOGO-DEMETER-COULEUR-768x428.jpg 768w, https:\/\/www.vins-humbrecht.com\/wp-content\/uploads\/2020\/08\/LOGO-DEMETER-COULEUR-1536x856.jpg 1536w, https:\/\/www.vins-humbrecht.com\/wp-content\/uploads\/2020\/08\/LOGO-DEMETER-COULEUR-2048x1141.jpg 2048w\" sizes=\"auto, (max-width: 87px) 100vw, 87px\" \/><\/figure>\n","protected":false},"excerpt":{"rendered":"<p>Situ\u00e9 sur les coteaux de Gueberschwihr, Eguisheim, Pfaffenheim et Rouffach, chaque terroir donne sa sp\u00e9cificit\u00e9 au c\u00e9page. Argilo-marneux entre Pfaffenheim et Gueberschwihr, argilo-marno-calcaire entre Eguisheim et Gueberschwihr. B\u00e9n\u00e9ficiant du micro-climat de Rouffach, la pluviom\u00e9trie&#46;&#46;&#46;<\/p>\n","protected":false},"author":1,"featured_media":234,"parent":0,"menu_order":0,"comment_status":"closed","ping_status":"open","template":"","meta":{"footnotes":""},"class_list":["post-76","page","type-page","status-publish","has-post-thumbnail","hentry"],"_links":{"self":[{"href":"https:\/\/www.vins-humbrecht.com\/index.php\/wp-json\/wp\/v2\/pages\/76","targetHints":{"allow":["GET"]}}],"collection":[{"href":"https:\/\/www.vins-humbrecht.com\/index.php\/wp-json\/wp\/v2\/pages"}],"about":[{"href":"https:\/\/www.vins-humbrecht.com\/index.php\/wp-json\/wp\/v2\/types\/page"}],"author":[{"embeddable":true,"href":"https:\/\/www.vins-humbrecht.com\/index.php\/wp-json\/wp\/v2\/users\/1"}],"replies":[{"embeddable":true,"href":"https:\/\/www.vins-humbrecht.com\/index.php\/wp-json\/wp\/v2\/comments?post=76"}],"version-history":[{"count":24,"href":"https:\/\/www.vins-humbrecht.com\/index.php\/wp-json\/wp\/v2\/pages\/76\/revisions"}],"predecessor-version":[{"id":2101,"href":"https:\/\/www.vins-humbrecht.com\/index.php\/wp-json\/wp\/v2\/pages\/76\/revisions\/2101"}],"wp:featuredmedia":[{"embeddable":true,"href":"https:\/\/www.vins-humbrecht.com\/index.php\/wp-json\/wp\/v2\/media\/234"}],"wp:attachment":[{"href":"https:\/\/www.vins-humbrecht.com\/index.php\/wp-json\/wp\/v2\/media?parent=76"}],"curies":[{"name":"wp","href":"https:\/\/api.w.org\/{rel}","templated":true}]}}