{"id":81,"date":"2015-07-20T13:59:57","date_gmt":"2015-07-20T12:59:57","guid":{"rendered":"http:\/\/localhost\/wordpress\/?page_id=81"},"modified":"2025-08-14T13:54:49","modified_gmt":"2025-08-14T12:54:49","slug":"cremant","status":"publish","type":"page","link":"https:\/\/www.vins-humbrecht.com\/index.php\/cremant\/","title":{"rendered":"Cr\u00e9mant"},"content":{"rendered":"<p style=\"text-align: justify;\"><span style=\"color: #000000;\">Le Cr\u00e9mant d&rsquo;Alsace est \u00e9labor\u00e9 \u00e0 partir de c\u00e9pages alsaciens seuls ou en assemblage. C&rsquo;est par ce vin que d\u00e9bute les vendanges en Alsace. Puis \u00e9labor\u00e9 selon la m\u00e9thode traditionnelle (Champenoise) il m\u00fbrit lentement sur lattes pendant 12 mois minimum pour le <strong>Cr\u00e9mant\u00a0Origine<\/strong>\u00a0et au moins 24 mois\u00a0 pour le <strong>Cr\u00e9mant El\u00e9gance.<\/strong><\/span><\/p>\n<p style=\"text-align: justify;\"><span style=\"color: #000000;\"><strong>Cr\u00e9mant Origine BIO<\/strong><\/span><\/p>\n<table style=\"border: 5px solid #eee; font-size: 12px; color: #fff;\" width=\"100%\" cellspacing=\"0\">\n<tbody>\n<tr>\n<td style=\"width: 1000px; text-align: justify;\"><span style=\"color: #808080;\"><strong>Situation : Rouffach &#8211; Gueberschwihr &#8211; Pfaffenheim\u00a0 dominance argilo-marno-calcaire<\/strong><\/span><\/td>\n<td style=\"width: 200px;\" rowspan=\"10\"><span style=\"color: #808080;\"><strong><a style=\"color: #808080;\" href=\"http:\/\/www.vins-humbrecht.com\/wp-content\/uploads\/2015\/10\/CremantBrut.jpg\"><img loading=\"lazy\" decoding=\"async\" class=\"alignright wp-image-683\" src=\"http:\/\/www.vins-humbrecht.com\/wp-content\/uploads\/2015\/10\/CremantBrut-200x300.jpg\" alt=\"CremantBrut\" width=\"117\" height=\"175\" srcset=\"https:\/\/www.vins-humbrecht.com\/wp-content\/uploads\/2015\/10\/CremantBrut-200x300.jpg 200w, https:\/\/www.vins-humbrecht.com\/wp-content\/uploads\/2015\/10\/CremantBrut-300x450.jpg 300w, https:\/\/www.vins-humbrecht.com\/wp-content\/uploads\/2015\/10\/CremantBrut.jpg 481w\" sizes=\"auto, (max-width: 117px) 100vw, 117px\" \/><\/a><\/strong><\/span><\/td>\n<\/tr>\n<tr>\n<td style=\"width: 1000px; text-align: justify;\"><span style=\"color: #808080;\"><strong>C\u00e9page : 36% Pinot Blanc &#8211; 55% Auxerrois &#8211; 9% Chardonnay<\/strong><\/span><\/td>\n<\/tr>\n<tr>\n<td style=\"width: 1000px; text-align: justify;\"><span style=\"color: #808080;\"><strong>12.5 % vol.<\/strong><\/span><\/td>\n<\/tr>\n<tr>\n<td style=\"width: 1000px; text-align: justify;\"><span style=\"color: #808080;\"><strong>Sucre restant : 6 g\/l<\/strong><\/span><\/td>\n<\/tr>\n<tr>\n<td style=\"width: 1000px; text-align: justify;\"><span style=\"color: #808080;\"><strong>Acidit\u00e9 totale : 3.7 g par litre en H2SO4<\/strong><\/span><\/td>\n<\/tr>\n<tr>\n<td style=\"width: 1000px; text-align: justify;\"><span style=\"color: #808080;\"><strong>Sulfites totaux\u00a0\u00a0: 65 mg sur 120 mg autoris\u00e9s<\/strong><\/span><\/td>\n<\/tr>\n<tr>\n<td style=\"width: 1000px; text-align: justify;\"><span style=\"color: #808080;\"><strong>Temp\u00e9rature : 7\u00b0<\/strong><\/span><\/td>\n<\/tr>\n<tr>\n<td style=\"width: 1000px; text-align: justify;\"><span style=\"color: #808080;\"><strong>Indice d&rsquo;expression : 1<\/strong><\/span><\/td>\n<\/tr>\n<tr>\n<td style=\"width: 1000px; text-align: justify;\"><span style=\"color: #808080;\"><strong>Note de d\u00e9gustation : bouquet d\u00e9licatement fruit\u00e9 sur des notes de pomme verte, belle fra\u00eecheur avec une finale \u00e9quilibr\u00e9e<\/strong><\/span><\/td>\n<\/tr>\n<tr>\n<td style=\"width: 1000px; text-align: justify;\"><span style=\"color: #808080;\"><strong>Accord: ap\u00e9ritif raffin\u00e9, vin de cocktail et de r\u00e9ception, il accompagne \u00e9galement les mets les plus vari\u00e9s tout au long d&rsquo;un repas.<\/strong><\/span><span style=\"color: #808080;\"><strong>PRIX : 11.30\u20ac\u00a0 \u00a0 \u00a0 \u00a0 \u00a0 \u00a0 \u00a0\u00a0<\/strong><\/span><\/td>\n<\/tr>\n<\/tbody>\n<\/table>\n<p><span style=\"color: #000000;\"><strong>Cr\u00e9mant El\u00e9gance BIO<\/strong><\/span><\/p>\n<table style=\"border: 5px solid #eee; font-size: 12px; color: #fff;\" width=\"100%\" cellspacing=\"0\">\n<tbody>\n<tr>\n<td style=\"width: 640px; text-align: justify;\"><span style=\"color: #808080;\"><strong>Situation : Rouffach-Gueberschwihr-Pfaffenheim<\/strong><\/span><\/td>\n<td style=\"width: 200px;\" rowspan=\"10\"><span style=\"color: #808080;\"><strong><a style=\"color: #808080;\" href=\"http:\/\/www.vins-humbrecht.com\/wp-content\/uploads\/2015\/10\/CremantElegance.jpg\"><img loading=\"lazy\" decoding=\"async\" class=\"alignright wp-image-684\" src=\"http:\/\/www.vins-humbrecht.com\/wp-content\/uploads\/2015\/10\/CremantElegance-200x300.jpg\" alt=\"CremantElegance\" width=\"117\" height=\"175\" srcset=\"https:\/\/www.vins-humbrecht.com\/wp-content\/uploads\/2015\/10\/CremantElegance-200x300.jpg 200w, https:\/\/www.vins-humbrecht.com\/wp-content\/uploads\/2015\/10\/CremantElegance-300x450.jpg 300w, https:\/\/www.vins-humbrecht.com\/wp-content\/uploads\/2015\/10\/CremantElegance.jpg 481w\" sizes=\"auto, (max-width: 117px) 100vw, 117px\" \/><\/a><\/strong><\/span><\/td>\n<\/tr>\n<tr>\n<td style=\"width: 640px; text-align: justify;\"><span style=\"color: #808080;\"><strong>C\u00e9page : 36% Pinot Blanc &#8211; 55% Auxerrois &#8211; 9% Chardonnay<\/strong><\/span><\/td>\n<\/tr>\n<tr>\n<td style=\"width: 640px; text-align: justify;\"><span style=\"color: #808080;\"><strong>12.5 % vol.<\/strong><\/span><\/td>\n<\/tr>\n<tr>\n<td style=\"width: 640px; text-align: justify;\"><span style=\"color: #808080;\"><strong>Sucre restant : 11g\/l<\/strong><\/span><\/td>\n<\/tr>\n<tr>\n<td style=\"width: 640px; text-align: justify;\"><span style=\"color: #808080;\"><strong>Acidit\u00e9 totale : 4 g par litre en H2SO4<\/strong><\/span><\/td>\n<\/tr>\n<tr>\n<td style=\"width: 640px; text-align: justify;\"><span style=\"color: #808080;\"><strong>Sulfites totaux\u00a0: 70 mg sur 120 mg autoris\u00e9s<\/strong><\/span><\/td>\n<\/tr>\n<tr>\n<td style=\"width: 640px; text-align: justify;\"><span style=\"color: #808080;\"><strong>Temp\u00e9rature : 7\u00b0<\/strong><\/span><\/td>\n<\/tr>\n<tr>\n<td style=\"width: 640px; text-align: justify;\"><span style=\"color: #808080;\"><strong>Indice d&rsquo;expression : 1-2<\/strong><\/span><\/td>\n<\/tr>\n<tr>\n<td style=\"width: 640px; text-align: justify;\"><span style=\"color: #808080;\"><strong>Note de d\u00e9gustation : fruit\u00e9 avec des notes de framboise et de pomme verte et une fin de bouche sur la souplesse.<\/strong><\/span><\/td>\n<\/tr>\n<tr>\n<td style=\"width: 640px; text-align: justify;\"><span style=\"color: #808080;\"><strong>Accord : parfait \u00e0 l&rsquo;ap\u00e9ritif, cocktails et r\u00e9ceptions.<\/strong><\/span><span style=\"color: #808080;\"><strong>PRIX : 13.00\u20ac<\/strong><\/span><\/td>\n<\/tr>\n<\/tbody>\n<\/table>\n<p style=\"text-align: justify;\"><span style=\"color: #000000;\"><strong>Cr\u00e9mant Nature 2019 BIO<\/strong><\/span><\/p>\n<table style=\"border: 5px solid #eee; font-size: 12px; color: #fff;\" width=\"100%\" cellspacing=\"0\">\n<tbody>\n<tr>\n<td style=\"width: 1000px; text-align: justify;\"><span style=\"color: #808080;\"><strong>Situation : Rouffach &#8211; Gueberschwihr &#8211; Pfaffenheim\u00a0 dominance argilo-marno-calcaire<\/strong><\/span><\/td>\n<td style=\"width: 200px;\" rowspan=\"10\"><img loading=\"lazy\" decoding=\"async\" class=\"alignnone size-full wp-image-2454\" src=\"https:\/\/www.vins-humbrecht.com\/wp-content\/uploads\/2021\/11\/262010153_435737844708022_7826008186547795465_n.jpg\" alt=\"\" width=\"1347\" height=\"2048\" srcset=\"https:\/\/www.vins-humbrecht.com\/wp-content\/uploads\/2021\/11\/262010153_435737844708022_7826008186547795465_n.jpg 1347w, https:\/\/www.vins-humbrecht.com\/wp-content\/uploads\/2021\/11\/262010153_435737844708022_7826008186547795465_n-197x300.jpg 197w, https:\/\/www.vins-humbrecht.com\/wp-content\/uploads\/2021\/11\/262010153_435737844708022_7826008186547795465_n-768x1168.jpg 768w, https:\/\/www.vins-humbrecht.com\/wp-content\/uploads\/2021\/11\/262010153_435737844708022_7826008186547795465_n-1010x1536.jpg 1010w, https:\/\/www.vins-humbrecht.com\/wp-content\/uploads\/2021\/11\/262010153_435737844708022_7826008186547795465_n-300x456.jpg 300w, https:\/\/www.vins-humbrecht.com\/wp-content\/uploads\/2021\/11\/262010153_435737844708022_7826008186547795465_n-600x912.jpg 600w\" sizes=\"auto, (max-width: 1347px) 100vw, 1347px\" \/><\/td>\n<\/tr>\n<tr>\n<td style=\"width: 1000px; text-align: justify;\"><span style=\"color: #808080;\"><strong>C\u00e9page : 36% Pinot Blanc &#8211; 55% Auxerrois &#8211; 9% Chardonnay<\/strong><\/span><\/td>\n<\/tr>\n<tr>\n<td style=\"width: 1000px; text-align: justify;\"><span style=\"color: #808080;\"><strong>11.98 % vol.<\/strong><\/span><\/td>\n<\/tr>\n<tr>\n<td style=\"width: 1000px; text-align: justify;\"><span style=\"color: #808080;\"><strong>Sucre restant : 1.6 g\/l<\/strong><\/span><\/td>\n<\/tr>\n<tr>\n<td style=\"width: 1000px; text-align: justify;\"><span style=\"color: #808080;\"><strong>Acidit\u00e9 totale : 4.70 g par litre en H2SO4<\/strong><\/span><\/td>\n<\/tr>\n<tr>\n<td style=\"width: 1000px; text-align: justify;\"><span style=\"color: #808080;\"><strong>Sulfites totaux\u00a0\u00a0: &lt;15 mg sur 120 mg autoris\u00e9s<\/strong><\/span><\/td>\n<\/tr>\n<tr>\n<td style=\"width: 1000px; text-align: justify;\"><span style=\"color: #808080;\"><strong>Temp\u00e9rature : 7\u00b0<\/strong><\/span><\/td>\n<\/tr>\n<tr>\n<td style=\"width: 1000px; text-align: justify;\"><span style=\"color: #808080;\"><span style=\"color: #808080;\"><b>Vieillissement<\/b><\/span><b style=\"color: #808080;\"> sur latte : 36 mois<\/b><\/span><\/td>\n<\/tr>\n<tr>\n<td style=\"width: 1000px; text-align: justify;\"><span style=\"color: #808080;\"><strong>Note de d\u00e9gustation : bouquet d\u00e9licatement fruit\u00e9 sur des notes de pomme verte, belle fra\u00eecheur avec une finale \u00e9quilibr\u00e9e<\/strong><\/span><\/td>\n<\/tr>\n<tr>\n<td style=\"width: 1000px; text-align: justify;\"><span style=\"color: #808080;\"><strong>Accord: ap\u00e9ritif raffin\u00e9, vin de cocktail et de r\u00e9ception, il accompagne \u00e9galement les mets les plus vari\u00e9s tout au long d&rsquo;un repas.<\/strong><\/span><span style=\"color: #808080;\"><strong>PRIX : 16.50\u20ac\u00a0 \u00a0 \u00a0 \u00a0 \u00a0 \u00a0 \u00a0\u00a0<\/strong><\/span><\/td>\n<\/tr>\n<\/tbody>\n<\/table>\n","protected":false},"excerpt":{"rendered":"<p>Le Cr\u00e9mant d&rsquo;Alsace est \u00e9labor\u00e9 \u00e0 partir de c\u00e9pages alsaciens seuls ou en assemblage. C&rsquo;est par ce vin que d\u00e9bute les vendanges en Alsace. Puis \u00e9labor\u00e9 selon la m\u00e9thode traditionnelle (Champenoise) il m\u00fbrit lentement&#46;&#46;&#46;<\/p>\n","protected":false},"author":1,"featured_media":0,"parent":0,"menu_order":0,"comment_status":"closed","ping_status":"open","template":"","meta":{"footnotes":""},"class_list":["post-81","page","type-page","status-publish","hentry"],"_links":{"self":[{"href":"https:\/\/www.vins-humbrecht.com\/index.php\/wp-json\/wp\/v2\/pages\/81","targetHints":{"allow":["GET"]}}],"collection":[{"href":"https:\/\/www.vins-humbrecht.com\/index.php\/wp-json\/wp\/v2\/pages"}],"about":[{"href":"https:\/\/www.vins-humbrecht.com\/index.php\/wp-json\/wp\/v2\/types\/page"}],"author":[{"embeddable":true,"href":"https:\/\/www.vins-humbrecht.com\/index.php\/wp-json\/wp\/v2\/users\/1"}],"replies":[{"embeddable":true,"href":"https:\/\/www.vins-humbrecht.com\/index.php\/wp-json\/wp\/v2\/comments?post=81"}],"version-history":[{"count":159,"href":"https:\/\/www.vins-humbrecht.com\/index.php\/wp-json\/wp\/v2\/pages\/81\/revisions"}],"predecessor-version":[{"id":3099,"href":"https:\/\/www.vins-humbrecht.com\/index.php\/wp-json\/wp\/v2\/pages\/81\/revisions\/3099"}],"wp:attachment":[{"href":"https:\/\/www.vins-humbrecht.com\/index.php\/wp-json\/wp\/v2\/media?parent=81"}],"curies":[{"name":"wp","href":"https:\/\/api.w.org\/{rel}","templated":true}]}}