{"id":89,"date":"2015-07-20T14:01:24","date_gmt":"2015-07-20T13:01:24","guid":{"rendered":"http:\/\/localhost\/wordpress\/?page_id=89"},"modified":"2025-11-17T15:53:22","modified_gmt":"2025-11-17T14:53:22","slug":"gamme-aurum-terrae","status":"publish","type":"page","link":"https:\/\/www.vins-humbrecht.com\/index.php\/gamme-aurum-terrae\/","title":{"rendered":"Gamme Aurum Terrae"},"content":{"rendered":"<p style=\"text-align: justify;\"><span style=\"color: #808080;\">La gamme \u00ab\u00a0Aurum Terrae\u00a0\u00bb\u00a0 l&rsquo;or de la Terre , offre des vins d&rsquo;exception comme les Grands Crus et les Vendanges Tardives. Les parcelles de vigne sont soigneusement s\u00e9lectionn\u00e9 et la vinification va mettre en avant le terroir et la complexit\u00e9 des ar\u00f4mes primaires, secondaire et tertiaire.\u00a0<\/span><\/p>\n<p><strong>\u00a0Pinot Gris Grand Cru Steinert 2022 BIODYNAMIQUE<\/strong><\/p>\n<table style=\"border: 5px solid #eee; font-size: 12px; color: #fff;\" width=\"100%\" cellspacing=\"0\">\n<tbody>\n<tr>\n<td style=\"width: 1000px; text-align: justify;\"><span style=\"color: #808080;\"><strong>Situation :Pfaffenheim\u00a0 &#8211; calcaire<\/strong><\/span><\/td>\n<td style=\"width: 200px;\" rowspan=\"10\"><img loading=\"lazy\" decoding=\"async\" class=\"alignnone size-full wp-image-2455\" src=\"https:\/\/www.vins-humbrecht.com\/wp-content\/uploads\/2021\/11\/262169440_996281860990236_4724665134340351385_n.jpg\" alt=\"\" width=\"1260\" height=\"2048\" srcset=\"https:\/\/www.vins-humbrecht.com\/wp-content\/uploads\/2021\/11\/262169440_996281860990236_4724665134340351385_n.jpg 1260w, https:\/\/www.vins-humbrecht.com\/wp-content\/uploads\/2021\/11\/262169440_996281860990236_4724665134340351385_n-185x300.jpg 185w, https:\/\/www.vins-humbrecht.com\/wp-content\/uploads\/2021\/11\/262169440_996281860990236_4724665134340351385_n-768x1248.jpg 768w, https:\/\/www.vins-humbrecht.com\/wp-content\/uploads\/2021\/11\/262169440_996281860990236_4724665134340351385_n-945x1536.jpg 945w, https:\/\/www.vins-humbrecht.com\/wp-content\/uploads\/2021\/11\/262169440_996281860990236_4724665134340351385_n-300x488.jpg 300w, https:\/\/www.vins-humbrecht.com\/wp-content\/uploads\/2021\/11\/262169440_996281860990236_4724665134340351385_n-600x975.jpg 600w\" sizes=\"auto, (max-width: 1260px) 100vw, 1260px\" \/><\/td>\n<\/tr>\n<tr>\n<td style=\"width: 1000px; text-align: justify;\"><span style=\"color: #808080;\"><strong>C\u00e9page : 100% Pinot Gris<\/strong><\/span><\/td>\n<\/tr>\n<tr>\n<td style=\"width: 1000px; text-align: justify;\"><span style=\"color: #808080;\"><strong>13.36 % vol.<\/strong><\/span><\/td>\n<\/tr>\n<tr>\n<td style=\"width: 1000px; text-align: justify;\"><span style=\"color: #808080;\"><strong>Sucre restant : 51.9 g\/l<\/strong><\/span><\/td>\n<\/tr>\n<tr>\n<td style=\"width: 1000px; text-align: justify;\"><span style=\"color: #808080;\"><strong>Acidit\u00e9 totale : 4.17 g par litre en H2SO4<\/strong><\/span><\/td>\n<\/tr>\n<tr>\n<td style=\"width: 1000px; text-align: justify;\"><span style=\"color: #808080;\"><strong>Sulfites totaux\u00a0\u00a0: 124 mg sur 150 mg autoris\u00e9s<\/strong><\/span><\/td>\n<\/tr>\n<tr>\n<td style=\"width: 1000px; text-align: justify;\"><span style=\"color: #808080;\"><strong>Temp\u00e9rature : 7\u00b0<\/strong><\/span><\/td>\n<\/tr>\n<tr>\n<td style=\"width: 1000px; text-align: justify;\">\u00a0<\/td>\n<\/tr>\n<tr>\n<td style=\"width: 1000px; text-align: justify;\"><span style=\"color: #808080;\"><strong>Note de d\u00e9gustation : Nez puissant avec des notes de fum\u00e9 et de fruits jaunes, en bouche il est gourmand et suave sur une finale toute en douceur.<\/strong><\/span><\/td>\n<\/tr>\n<tr>\n<td style=\"width: 1000px; text-align: justify;\"><span style=\"color: #808080;\"><strong>Accord: Il accompagne somptueusement le foie gras, les desserts ou tout simplement pour un moment de plaisir.<\/strong><\/span>\n<p><span style=\"color: #808080;\"><strong>PRIX : 18.50\u20ac\u00a0 \u00a0 \u00a0 \u00a0 \u00a0 \u00a0 \u00a0\u00a0<\/strong><\/span><\/p>\n<\/td>\n<\/tr>\n<\/tbody>\n<\/table>\n<p style=\"text-align: justify;\"><strong>Gewurztraminer Grand Cru Goldert 2023 BIODYNAMIQUE<\/strong><\/p>\n<table style=\"border: 5px solid #eee; font-size: 12px; color: #fff;\" width=\"100%\" cellspacing=\"0\">\n<tbody>\n<tr>\n<td style=\"width: 1000px; text-align: justify;\"><span style=\"color: #808080;\"><strong>Situation : Gueberschwihr<\/strong><\/span><\/td>\n<td style=\"width: 200px;\" rowspan=\"10\"><span style=\"color: #808080;\"><strong><a style=\"color: #808080;\" href=\"http:\/\/www.vins-humbrecht.com\/wp-content\/uploads\/2015\/10\/GwGold.jpg\"><img loading=\"lazy\" decoding=\"async\" class=\"alignnone wp-image-688\" src=\"http:\/\/www.vins-humbrecht.com\/wp-content\/uploads\/2015\/10\/GwGold-200x300.jpg\" alt=\"\" width=\"117\" height=\"175\" srcset=\"https:\/\/www.vins-humbrecht.com\/wp-content\/uploads\/2015\/10\/GwGold-200x300.jpg 200w, https:\/\/www.vins-humbrecht.com\/wp-content\/uploads\/2015\/10\/GwGold-300x450.jpg 300w, https:\/\/www.vins-humbrecht.com\/wp-content\/uploads\/2015\/10\/GwGold.jpg 481w\" sizes=\"auto, (max-width: 117px) 100vw, 117px\" \/><\/a><\/strong><\/span><\/td>\n<\/tr>\n<tr>\n<td style=\"width: 1000px; text-align: justify;\"><span style=\"color: #808080;\"><strong>C\u00e9page : 100% Gewurztraminer<\/strong><\/span><\/td>\n<\/tr>\n<tr>\n<td style=\"width: 1000px; text-align: justify;\"><span style=\"color: #808080;\"><strong>13.25 % vol.<\/strong><\/span><\/td>\n<\/tr>\n<tr>\n<td style=\"width: 1000px; text-align: justify;\"><span style=\"color: #808080;\"><strong>Sucre restant : 22.2 g\/l<\/strong><\/span><\/td>\n<\/tr>\n<tr>\n<td style=\"width: 1000px; text-align: justify;\"><span style=\"color: #808080;\"><strong>Acidit\u00e9 totale : 2.66 g par litre en H2SO4<\/strong><\/span><\/td>\n<\/tr>\n<tr>\n<td style=\"width: 1000px; text-align: justify;\"><span style=\"color: #808080;\"><strong>Sulfites totaux : 131 mg\/l sur 200 mg autoris\u00e9s<\/strong><\/span><\/td>\n<\/tr>\n<tr>\n<td style=\"width: 1000px; text-align: justify;\"><span style=\"color: #808080;\"><strong>Temp\u00e9rature : 10\u00b0-12\u00b0<\/strong><\/span><\/td>\n<\/tr>\n<tr>\n<td style=\"width: 1000px; text-align: justify;\"><span style=\"color: #808080;\"><strong>Indice d&rsquo;expression : 3<\/strong><\/span><\/td>\n<\/tr>\n<tr>\n<td style=\"width: 1000px; text-align: justify;\"><span style=\"color: #808080;\"><strong>Note de d\u00e9gustation : Robe dor\u00e9e, nez puissant, min\u00e9ral, silex avec de riches ar\u00f4mes floraux de rose, de jasmin et des notes de coriandre . Bouche charmeuse et suave, il est \u00e9quilibr\u00e9 en bouche, min\u00e9ral et fruit\u00e9 aux saveurs d&rsquo;abricot confit.<\/strong><\/span><\/td>\n<\/tr>\n<tr>\n<td style=\"width: 1000px; text-align: justify;\"><span style=\"color: #808080;\"><strong>Accord : Gourmandise en soi \u00e0 l&rsquo;ap\u00e9ritif mais \u00e9galement avec les fromages cors\u00e9s et les desserts.<\/strong><\/span>\n<h5>\u00a0<\/h5>\n<p><span style=\"color: #808080;\"><strong>PRIX : 18.50\u20ac\u00a0 \u00a0 \u00a0 \u00a0 \u00a0 \u00a0 \u00a0 \u00a0 \u00a0 \u00a0 \u00a0\u00a0<\/strong><\/span><\/p>\n<\/td>\n<\/tr>\n<\/tbody>\n<\/table>\n<p><strong style=\"font-size: revert; color: initial;\">\u00a0<\/strong><\/p>\n<p><strong>Gewurztraminer \u00ab\u00a0Vendanges Tardives\u00a0\u00bb 2020 BIODYNAMIQUE<\/strong><\/p>\n<table style=\"border: 5px solid #eee; font-size: 12px; color: #fff;\" width=\"100%\" cellspacing=\"0\">\n<tbody>\n<tr>\n<td style=\"width: 1000px; text-align: justify;\"><span style=\"color: #808080;\"><strong>Situation : Gueberschwihr<\/strong><\/span><\/td>\n<td style=\"width: 200px;\" rowspan=\"10\"><span style=\"color: #808080;\"><strong><img loading=\"lazy\" decoding=\"async\" class=\"\" src=\"https:\/\/www.vins-humbrecht.com\/wp-content\/uploads\/2021\/01\/Gew-V.T-4672x7000.jpg\" alt=\"L\u2019attribut alt de cette image est vide, son nom de fichier est Gew-V.T-4672x7000.jpg.\" width=\"86\" height=\"128\" \/><\/strong><\/span><\/td>\n<\/tr>\n<tr>\n<td style=\"width: 1000px; text-align: justify;\"><span style=\"color: #808080;\"><strong>C\u00e9page : 100% Gewurztraminer<\/strong><\/span><\/td>\n<\/tr>\n<tr>\n<td style=\"width: 1000px; text-align: justify;\"><span style=\"color: #808080;\"><strong>12.89 % vol.<\/strong><\/span><\/td>\n<\/tr>\n<tr>\n<td style=\"width: 1000px; text-align: justify;\"><span style=\"color: #808080;\"><strong>Sucre restant : 72.3 g\/l\u00a0<\/strong><\/span><\/td>\n<\/tr>\n<tr>\n<td style=\"width: 1000px; text-align: justify;\"><span style=\"color: #808080;\"><strong>Acidit\u00e9 totale : 2.55 g par litre en H2SO4<\/strong><\/span><\/td>\n<\/tr>\n<tr>\n<td style=\"width: 1000px; text-align: justify;\"><span style=\"color: #808080;\"><strong>Sulfites totaux : 204 mg\/l sur 370 mg autoris\u00e9s<\/strong><\/span><\/td>\n<\/tr>\n<tr>\n<td style=\"width: 1000px; text-align: justify;\"><span style=\"color: #808080;\"><strong>Temp\u00e9rature : 10\u00b0-12\u00b0<\/strong><\/span><\/td>\n<\/tr>\n<tr>\n<td style=\"width: 1000px; text-align: justify;\"><span style=\"color: #808080;\"><strong>Indice d&rsquo;expression : 4<\/strong><\/span><\/td>\n<\/tr>\n<tr>\n<td style=\"width: 1000px; text-align: justify;\"><span style=\"color: #808080;\"><strong>Note de d\u00e9gustation : Nez puissant, floral et \u00e9pic\u00e9 avec des notes de roses et de fruits exotiques. Mielleux et \u00e9quilibr\u00e9 en bouche, avec des arr\u00f4mes de chutney de mangue et d&rsquo;\u00e9pices.<\/strong><\/span><\/td>\n<\/tr>\n<tr>\n<td style=\"width: 1000px; text-align: justify;\"><span style=\"color: #808080;\"><strong>Accord : Il accompagne somptueusement le Foie Gras, les desserts et les grandes occasions.<\/strong><\/span>\n<p><span style=\"color: #808080;\"><strong>PRIX : 25.90\u20ac\u00a0 \u00a0 \u00a0 \u00a0 \u00a0 \u00a0 \u00a0 \u00a0 \u00a0<\/strong><\/span><\/p>\n<\/td>\n<\/tr>\n<\/tbody>\n<\/table>\n<p><strong>Pinot Noir Barrique 2024 BIODYNAMIQUE<\/strong><\/p>\n<table style=\"border: 5px solid #eee; font-size: 12px; color: #fff;\" width=\"100%\" cellspacing=\"0\">\n<tbody>\n<tr>\n<td style=\"width: 1000px; text-align: justify;\"><span style=\"color: #808080;\"><strong>Situation : Gueberschwihr<\/strong><\/span><\/td>\n<td style=\"width: 200px;\" rowspan=\"10\"><span style=\"color: #808080;\"><strong><a style=\"color: #808080;\" href=\"http:\/\/www.vins-humbrecht.com\/wp-content\/uploads\/2015\/07\/pinotnoirbarrique.jpg\"><img loading=\"lazy\" decoding=\"async\" class=\"alignnone wp-image-1140\" src=\"http:\/\/www.vins-humbrecht.com\/wp-content\/uploads\/2015\/07\/pinotnoirbarrique.jpg\" alt=\"\" width=\"109\" height=\"175\" srcset=\"https:\/\/www.vins-humbrecht.com\/wp-content\/uploads\/2015\/07\/pinotnoirbarrique.jpg 435w, https:\/\/www.vins-humbrecht.com\/wp-content\/uploads\/2015\/07\/pinotnoirbarrique-300x483.jpg 300w, https:\/\/www.vins-humbrecht.com\/wp-content\/uploads\/2015\/07\/pinotnoirbarrique-186x300.jpg 186w\" sizes=\"auto, (max-width: 109px) 100vw, 109px\" \/><\/a><\/strong><\/span><\/td>\n<\/tr>\n<tr>\n<td style=\"width: 1000px; text-align: justify;\"><span style=\"color: #808080;\"><strong>C\u00e9page : 100% Pinot Noir<\/strong><\/span><\/td>\n<\/tr>\n<tr>\n<td style=\"width: 1000px; text-align: justify;\"><span style=\"color: #808080;\"><strong>14.00 % vol.<\/strong><\/span><\/td>\n<\/tr>\n<tr>\n<td style=\"width: 1000px; text-align: justify;\"><span style=\"color: #808080;\"><strong>Sucre restant : 0 g\/l<\/strong><\/span><\/td>\n<\/tr>\n<tr>\n<td style=\"width: 1000px; text-align: justify;\"><span style=\"color: #808080;\"><strong>Acidit\u00e9 totale : 3.87 g par litre en H2SO4<\/strong><\/span><\/td>\n<\/tr>\n<tr>\n<td style=\"width: 1000px; text-align: justify;\"><span style=\"color: #808080;\"><strong>Sulfites totaux : 50 mg\/l sur 70 mg autoris\u00e9s DEMETER<\/strong><\/span><\/td>\n<\/tr>\n<tr>\n<td style=\"width: 1000px; text-align: justify;\"><span style=\"color: #808080;\"><strong>Temp\u00e9rature : Servir chambr\u00e9<\/strong><\/span><\/td>\n<\/tr>\n<tr>\n<td style=\"width: 1000px; text-align: justify;\"><span style=\"color: #808080;\"><strong>Indice d&rsquo;expression : 1<\/strong><\/span><\/td>\n<\/tr>\n<tr>\n<td style=\"width: 1000px; text-align: justify;\"><span style=\"color: #808080;\"><strong>Note de d\u00e9gustation : Nez gourmand avec des notes de cerise noire, de fum\u00e9 et de vanille. Puissant en bouche, beaux tanins soyeux.<\/strong><\/span><\/td>\n<\/tr>\n<tr>\n<td style=\"width: 1000px; text-align: justify;\"><span style=\"color: #808080;\"><strong>Accord : Il d\u00e9voile toute son originalit\u00e9 avec les viandes rouges, les gibiers, les grillades et les fromages.<\/strong><\/span>\n<h3 style=\"text-align: center;\">\u00a0<\/h3>\n<p><strong style=\"font-size: inherit; font-family: inherit;\">La Revue du Vin de France : 91\/100\u00a0<\/strong><\/p>\n<p><strong style=\"font-size: inherit; font-family: inherit; color: #808080;\">PRIX : 15.80\u20ac\u00a0 \u00a0 \u00a0 \u00a0 \u00a0 \u00a0 \u00a0 \u00a0 \u00a0 \u00a0 \u00a0<\/strong><\/p>\n<\/td>\n<\/tr>\n<\/tbody>\n<\/table>\n\n\n<p><\/p>\n","protected":false},"excerpt":{"rendered":"<p>La gamme \u00ab\u00a0Aurum Terrae\u00a0\u00bb\u00a0 l&rsquo;or de la Terre , offre des vins d&rsquo;exception comme les Grands Crus et les Vendanges Tardives. Les parcelles de vigne sont soigneusement s\u00e9lectionn\u00e9 et la vinification va mettre en&#46;&#46;&#46;<\/p>\n","protected":false},"author":1,"featured_media":0,"parent":0,"menu_order":0,"comment_status":"closed","ping_status":"open","template":"","meta":{"footnotes":""},"class_list":["post-89","page","type-page","status-publish","hentry"],"_links":{"self":[{"href":"https:\/\/www.vins-humbrecht.com\/index.php\/wp-json\/wp\/v2\/pages\/89","targetHints":{"allow":["GET"]}}],"collection":[{"href":"https:\/\/www.vins-humbrecht.com\/index.php\/wp-json\/wp\/v2\/pages"}],"about":[{"href":"https:\/\/www.vins-humbrecht.com\/index.php\/wp-json\/wp\/v2\/types\/page"}],"author":[{"embeddable":true,"href":"https:\/\/www.vins-humbrecht.com\/index.php\/wp-json\/wp\/v2\/users\/1"}],"replies":[{"embeddable":true,"href":"https:\/\/www.vins-humbrecht.com\/index.php\/wp-json\/wp\/v2\/comments?post=89"}],"version-history":[{"count":138,"href":"https:\/\/www.vins-humbrecht.com\/index.php\/wp-json\/wp\/v2\/pages\/89\/revisions"}],"predecessor-version":[{"id":3153,"href":"https:\/\/www.vins-humbrecht.com\/index.php\/wp-json\/wp\/v2\/pages\/89\/revisions\/3153"}],"wp:attachment":[{"href":"https:\/\/www.vins-humbrecht.com\/index.php\/wp-json\/wp\/v2\/media?parent=89"}],"curies":[{"name":"wp","href":"https:\/\/api.w.org\/{rel}","templated":true}]}}