{"id":91,"date":"2015-07-20T14:01:44","date_gmt":"2015-07-20T13:01:44","guid":{"rendered":"http:\/\/localhost\/wordpress\/?page_id=91"},"modified":"2025-11-17T16:00:08","modified_gmt":"2025-11-17T15:00:08","slug":"gamme-nature","status":"publish","type":"page","link":"https:\/\/www.vins-humbrecht.com\/index.php\/gamme-nature\/","title":{"rendered":"Gamme Nature"},"content":{"rendered":"<p style=\"text-align: justify;\"><span style=\"color: #000000;\">La gamme \u00ab\u00a0Nature\u00a0\u00bb r\u00e9v\u00e8le des vins naturels sans sulfites ajout\u00e9s. Pourquoi sans\u00a0sulfites <strong>ajout\u00e9s<\/strong> ? Car des sulfites se forment naturellement dans le vin. Le d\u00e9veloppement des levures lors de la fermentation s&rsquo;accompagne d&rsquo;une formation de compos\u00e9s soufr\u00e9s plus ou moins volatiles, \u00e0 partir d&rsquo;acides amin\u00e9s soufr\u00e9s du raisin. Les vins natures sont vinifi\u00e9s \u00e0 partir de raisins \u00e9grapp\u00e9s manuellement, puis mac\u00e9r\u00e9s une semaine afin d&rsquo;extraire des tanins et des anthocyanes qui sont des antioxydants naturels. L\u2019\u00e9levage des vins se fait sans sulfites et aucuns intrants, en barrique de ch\u00eane. Uniques et incomparables, leur \u00e9laboration demande une exigence et une attention de tous les instants. Le r\u00e9sultat de ce travail donne des vins uniques, aux ar\u00f4mes puissants, et d&rsquo;une rare complexit\u00e9. Ils vous donneront une autre vision des vins d&rsquo;Alsace et de leurs diversit\u00e9s.<\/span><\/p>\n<p><strong style=\"font-size: revert;\"><br \/>\nGewurztraminer Nature 2020 BIODYNAMIQUE<\/strong><\/p>\n<table width=\"100%\" cellspacing=\"0\">\n<tbody>\n<tr>\n<td style=\"text-align: left;\"><span style=\"color: #808080;\"><strong>Situation : Gueberschwihr<\/strong><\/span><\/td>\n<td style=\"text-align: left;\" rowspan=\"10\"><span style=\"color: #808080;\"><strong><a style=\"color: #808080;\" href=\"http:\/\/www.vins-humbrecht.com\/wp-content\/uploads\/2019\/12\/gw-Nat.png\"><img loading=\"lazy\" decoding=\"async\" class=\"edit-image-preview alignnone\" title=\"Gewurztraminer Nature\" src=\"http:\/\/www.vins-humbrecht.com\/wp-content\/uploads\/2019\/12\/gw-Nat.png\" alt=\"Modifier l\u2019image\" width=\"459\" height=\"1042\" \/><\/a><\/strong><\/span><\/td>\n<\/tr>\n<tr>\n<td style=\"text-align: left;\"><span style=\"color: #808080;\"><strong>C\u00e9page : 100% Gewurztraminer<\/strong><\/span><\/td>\n<\/tr>\n<tr>\n<td style=\"text-align: left;\"><span style=\"color: #808080;\"><strong>13.73 % vol.<\/strong><\/span><\/td>\n<\/tr>\n<tr>\n<td style=\"text-align: left;\"><span style=\"color: #808080;\"><strong>Sucre restant : 0.5 g\/l<\/strong><\/span><\/td>\n<\/tr>\n<tr>\n<td style=\"text-align: left;\"><span style=\"color: #808080;\"><strong>Acidit\u00e9 totale : 3.15 g par litre en H2SO4<\/strong><\/span><\/td>\n<\/tr>\n<tr>\n<td style=\"text-align: left;\"><span style=\"color: #808080;\"><strong>Sulfites totaux : &lt;15 mg\/l sur 90 mg autoris\u00e9s DEMETER<\/strong><\/span><\/td>\n<\/tr>\n<tr>\n<td style=\"text-align: left;\"><span style=\"color: #808080;\"><strong>Temp\u00e9rature : 10\u00b0-12\u00b0<\/strong><\/span><\/td>\n<\/tr>\n<tr>\n<td style=\"text-align: left;\"><span style=\"color: #808080;\"><strong>Indice d&rsquo;expression : 1<\/strong><\/span><\/td>\n<\/tr>\n<tr>\n<td style=\"text-align: left;\"><span style=\"color: #808080;\"><b style=\"color: #808080;\">Note de d\u00e9gustation : Belle robe or rose, nez intense de <\/b><span style=\"color: #808080;\"><b>litchi<\/b><\/span><b style=\"color: #808080;\"> et de rose, le nez d\u00e9veloppe ensuite des ar\u00f4mes d&rsquo;herbes s\u00e9ch\u00e9es. L&rsquo;attaque en bouche est puissante avec une structure s\u00e8che et quelques amers en fin de bouche.<\/b><\/span><\/td>\n<\/tr>\n<tr>\n<td style=\"text-align: left;\"><span style=\"color: #808080;\"><strong>Accord : Unique et original sur la table avec une cuisine \u00e9pic\u00e9e, des plats exotiques, mais \u00e9galement \u00e0 l&rsquo;ap\u00e9ritif.\u00a0<\/strong><\/span><span style=\"color: #808080;\"><strong>PRIX : 15.80<\/strong><\/span><\/td>\n<\/tr>\n<\/tbody>\n<\/table>\n<p><span style=\"color: #000000;\"><strong>Pinot Noir Nature 2023 BIODYNAMIQUE<\/strong><\/span><\/p>\n<table width=\"100%\" cellspacing=\"0\">\n<tbody>\n<tr>\n<td style=\"text-align: left;\"><span style=\"color: #808080;\"><strong>Situation : Gueberschwihr<\/strong><\/span><\/td>\n<td style=\"text-align: left;\" rowspan=\"10\"><span style=\"color: #808080;\"><strong><a style=\"color: #808080;\" href=\"http:\/\/www.vins-humbrecht.com\/wp-content\/uploads\/2019\/12\/PN-Nat.png\"><img loading=\"lazy\" decoding=\"async\" class=\"edit-image-preview alignnone\" title=\"Pinot Noir Nature\" src=\"http:\/\/www.vins-humbrecht.com\/wp-content\/uploads\/2019\/12\/PN-Nat.png\" alt=\"Modifier l\u2019image\" width=\"209\" height=\"515\" \/><\/a><\/strong><\/span><\/td>\n<\/tr>\n<tr>\n<td style=\"text-align: left;\"><span style=\"color: #808080;\"><strong>C\u00e9page : 100% Pinot Noir<\/strong><\/span><\/td>\n<\/tr>\n<tr>\n<td style=\"text-align: left;\"><span style=\"color: #808080;\"><strong>14.61 % vol.<\/strong><\/span><\/td>\n<\/tr>\n<tr>\n<td style=\"text-align: left;\"><span style=\"color: #808080;\"><strong>Sucre restant : 0.1 g\/l<\/strong><\/span><\/td>\n<\/tr>\n<tr>\n<td style=\"text-align: left;\"><span style=\"color: #808080;\"><strong>Acidit\u00e9 totale : 3.46 g par litre en H2SO4<\/strong><\/span><\/td>\n<\/tr>\n<tr>\n<td style=\"text-align: left;\"><span style=\"color: #808080;\"><strong>Sulfites totaux : &lt;15 mg\/l sur 70 mg autoris\u00e9s<\/strong><\/span><\/td>\n<\/tr>\n<tr>\n<td style=\"text-align: left;\"><span style=\"color: #808080;\"><strong>Temp\u00e9rature : Servir chambr\u00e9<\/strong><\/span><\/td>\n<\/tr>\n<tr>\n<td style=\"text-align: left;\"><span style=\"color: #808080;\"><strong>Indice d&rsquo;expression : 1<\/strong><\/span><\/td>\n<\/tr>\n<tr>\n<td style=\"text-align: left;\"><span style=\"color: #808080;\"><strong>Note de d\u00e9gustation : Belle robe rubis, nez charmeur, charpent\u00e9 avec des notes de fruits rouges et noirs et une fin de bouche vanill\u00e9e<\/strong><\/span><\/td>\n<\/tr>\n<tr>\n<td style=\"text-align: left;\"><span style=\"color: #808080;\"><strong>Accord : Il d\u00e9voile toute son originalit\u00e9 avec les viandes rouges, le magret de canard, les gibiers et les fromages.<\/strong><\/span><span style=\"color: #808080;\"><strong>PRIX : 17.90\u20ac\u00a0 \u00a0 \u00a0 \u00a0 \u00a0 \u00a0 \u00a0 \u00a0 \u00a0 \u00a0 Magnum: 39.90\u20ac<\/strong><\/span><\/td>\n<\/tr>\n<\/tbody>\n<\/table>\n<p style=\"text-align: justify;\"><span style=\"color: #000000;\"><strong>El\u00e9men&rsquo;Terre 2023 Biodynamique<\/strong><\/span><\/p>\n<table style=\"border: 5px solid #eee; font-size: 12px; color: #fff;\" width=\"100%\" cellspacing=\"0\">\n<tbody>\n<tr>\n<td style=\"width: 1000px; text-align: justify;\"><span style=\"color: #808080;\"><strong>Situation : Gueberschwihr &#8211; Pfaffenheim\u00a0 dominance argilo-marno-calcaire<\/strong><\/span><\/td>\n<td style=\"width: 200px;\" rowspan=\"10\"><img loading=\"lazy\" decoding=\"async\" class=\"alignnone size-full wp-image-2458\" src=\"https:\/\/www.vins-humbrecht.com\/wp-content\/uploads\/2021\/11\/262017053_352371683357029_5732721128157133024_n.jpg\" alt=\"\" width=\"1305\" height=\"2048\" srcset=\"https:\/\/www.vins-humbrecht.com\/wp-content\/uploads\/2021\/11\/262017053_352371683357029_5732721128157133024_n.jpg 1305w, https:\/\/www.vins-humbrecht.com\/wp-content\/uploads\/2021\/11\/262017053_352371683357029_5732721128157133024_n-191x300.jpg 191w, https:\/\/www.vins-humbrecht.com\/wp-content\/uploads\/2021\/11\/262017053_352371683357029_5732721128157133024_n-768x1205.jpg 768w, https:\/\/www.vins-humbrecht.com\/wp-content\/uploads\/2021\/11\/262017053_352371683357029_5732721128157133024_n-979x1536.jpg 979w, https:\/\/www.vins-humbrecht.com\/wp-content\/uploads\/2021\/11\/262017053_352371683357029_5732721128157133024_n-300x471.jpg 300w, https:\/\/www.vins-humbrecht.com\/wp-content\/uploads\/2021\/11\/262017053_352371683357029_5732721128157133024_n-600x942.jpg 600w\" sizes=\"auto, (max-width: 1305px) 100vw, 1305px\" \/><\/td>\n<\/tr>\n<tr>\n<td style=\"width: 1000px; text-align: justify;\"><span style=\"color: #808080;\"><strong>C\u00e9page : Riesling &#8211; Pinot Gris\u00a0<\/strong><\/span><\/td>\n<\/tr>\n<tr>\n<td style=\"width: 1000px; text-align: justify;\"><span style=\"color: #808080;\"><strong>13.46 % vol.<\/strong><\/span><\/td>\n<\/tr>\n<tr>\n<td style=\"width: 1000px; text-align: justify;\"><span style=\"color: #808080;\"><strong>Sucre restant : 1.3 g\/l<\/strong><\/span><\/td>\n<\/tr>\n<tr>\n<td style=\"width: 1000px; text-align: justify;\"><span style=\"color: #808080;\"><strong>Acidit\u00e9 totale : 3.29 g par litre en H2SO4<\/strong><\/span><\/td>\n<\/tr>\n<tr>\n<td style=\"width: 1000px; text-align: justify;\"><span style=\"color: #808080;\"><strong>Sulfites totaux\u00a0\u00a0: &lt;15 mg sur 90 mg autoris\u00e9s DEMETER<\/strong><\/span><\/td>\n<\/tr>\n<tr>\n<td style=\"width: 1000px; text-align: justify;\"><span style=\"color: #808080;\"><strong>Temp\u00e9rature : 7\u00b0<\/strong><\/span><\/td>\n<\/tr>\n<tr>\n<td style=\"width: 1000px; text-align: justify;\"><\/td>\n<\/tr>\n<tr>\n<td style=\"width: 1000px; text-align: justify;\"><span style=\"color: #808080;\"><b style=\"color: #808080;\">Note de d\u00e9gustation : Explosion <\/b><span style=\"color: #808080;\"><b>d\u2019ar\u00f4mes,<\/b><\/span><b style=\"color: #808080;\"> il est sec en bouche avec des notes de fruits du verger,\u00a0<\/b><\/span><\/td>\n<\/tr>\n<tr>\n<td style=\"width: 1000px; text-align: justify;\"><span style=\"color: #808080;\"><strong>Accord: Sec et rafra\u00eechissant, il est une invitation \u00e0 la gastronomie (poissons, fruits de mer et viandes blanches) ou tout simplement pour refaire le monde autour d&rsquo;un verre. Vieillit 10 mois en Amphore de gr\u00e8s\u00a0<\/strong><\/span><span style=\"color: #808080;\"><strong>PRIX : 16.50\u20ac\u00a0 \u00a0 \u00a0 \u00a0 \u00a0 \u00a0 \u00a0\u00a0<\/strong><\/span><\/td>\n<\/tr>\n<\/tbody>\n<\/table>\n<p><span style=\"color: #000000;\"><strong>Sylvaner Nature 2024 BIODYNAMIQUE<\/strong><\/span><\/p>\n<table class=\"alignleft\" style=\"height: 323px;\" width=\"957\" cellspacing=\"0\">\n<tbody>\n<tr>\n<td style=\"text-align: left;\"><span style=\"color: #808080;\"><strong>Situation : Gueberschwihr<\/strong><\/span><\/td>\n<td style=\"text-align: left;\" rowspan=\"10\"><\/td>\n<\/tr>\n<tr>\n<td style=\"text-align: left;\"><span style=\"color: #808080;\"><strong>C\u00e9page : 100% Sylvaner<\/strong><\/span><\/td>\n<\/tr>\n<tr>\n<td style=\"text-align: left;\"><span style=\"color: #808080;\"><strong>13.13 % vol.<\/strong><\/span><\/td>\n<\/tr>\n<tr>\n<td style=\"text-align: left;\"><span style=\"color: #808080;\"><strong>Sucre restant : inf\u00e9rieur 0.8 g\/l<\/strong><\/span><\/td>\n<\/tr>\n<tr>\n<td style=\"text-align: left;\"><span style=\"color: #808080;\"><strong>Acidit\u00e9 totale : 3.90 g\/l H2SO4<\/strong><\/span><\/td>\n<\/tr>\n<tr>\n<td style=\"text-align: left;\"><span style=\"color: #808080;\"><strong>Sulfites totaux : &lt;15 mg\/l sur 90 mg autoris\u00e9s<\/strong><\/span><\/td>\n<\/tr>\n<tr>\n<td style=\"text-align: left;\"><span style=\"color: #808080;\"><strong>Temp\u00e9rature : 10\u00b0-12\u00b0<\/strong><\/span><\/td>\n<\/tr>\n<tr>\n<td style=\"text-align: left;\"><span style=\"color: #808080;\"><strong>Indice d&rsquo;expression : 1<\/strong><\/span><\/td>\n<\/tr>\n<tr>\n<td style=\"text-align: left;\"><span style=\"color: #808080;\"><strong>Note de d\u00e9gustation : Sec et fruit\u00e9 avec des notes de fleurs blanches. Structure fra\u00eeche et persistante.<\/strong><\/span><\/td>\n<\/tr>\n<tr>\n<td style=\"text-align: left;\"><span style=\"color: #808080;\"><strong>Accord : Original avec les poissons en sauce, une fondue au fromage ou une volaille.<\/strong><\/span><\/td>\n<\/tr>\n<\/tbody>\n<\/table>\n<table width=\"100%\" cellspacing=\"0\">\n<tbody>\n<tr>\n<td style=\"text-align: left;\"><span style=\"color: #808080;\"><strong>PRIX : 15.80\u20ac<\/strong><\/span><\/td>\n<\/tr>\n<\/tbody>\n<\/table>\n<p style=\"text-align: justify;\">\n","protected":false},"excerpt":{"rendered":"<p>La gamme \u00ab\u00a0Nature\u00a0\u00bb r\u00e9v\u00e8le des vins naturels sans sulfites ajout\u00e9s. Pourquoi sans\u00a0sulfites ajout\u00e9s ? Car des sulfites se forment naturellement dans le vin. Le d\u00e9veloppement des levures lors de la fermentation s&rsquo;accompagne d&rsquo;une formation&#46;&#46;&#46;<\/p>\n","protected":false},"author":1,"featured_media":0,"parent":0,"menu_order":0,"comment_status":"closed","ping_status":"open","template":"","meta":{"footnotes":""},"class_list":["post-91","page","type-page","status-publish","hentry"],"_links":{"self":[{"href":"https:\/\/www.vins-humbrecht.com\/index.php\/wp-json\/wp\/v2\/pages\/91","targetHints":{"allow":["GET"]}}],"collection":[{"href":"https:\/\/www.vins-humbrecht.com\/index.php\/wp-json\/wp\/v2\/pages"}],"about":[{"href":"https:\/\/www.vins-humbrecht.com\/index.php\/wp-json\/wp\/v2\/types\/page"}],"author":[{"embeddable":true,"href":"https:\/\/www.vins-humbrecht.com\/index.php\/wp-json\/wp\/v2\/users\/1"}],"replies":[{"embeddable":true,"href":"https:\/\/www.vins-humbrecht.com\/index.php\/wp-json\/wp\/v2\/comments?post=91"}],"version-history":[{"count":103,"href":"https:\/\/www.vins-humbrecht.com\/index.php\/wp-json\/wp\/v2\/pages\/91\/revisions"}],"predecessor-version":[{"id":3156,"href":"https:\/\/www.vins-humbrecht.com\/index.php\/wp-json\/wp\/v2\/pages\/91\/revisions\/3156"}],"wp:attachment":[{"href":"https:\/\/www.vins-humbrecht.com\/index.php\/wp-json\/wp\/v2\/media?parent=91"}],"curies":[{"name":"wp","href":"https:\/\/api.w.org\/{rel}","templated":true}]}}