{"id":93,"date":"2015-07-20T14:02:09","date_gmt":"2015-07-20T13:02:09","guid":{"rendered":"http:\/\/localhost\/wordpress\/?page_id=93"},"modified":"2026-04-10T08:46:51","modified_gmt":"2026-04-10T07:46:51","slug":"eaux-de-vie","status":"publish","type":"page","link":"https:\/\/www.vins-humbrecht.com\/index.php\/eaux-de-vie\/","title":{"rendered":"Eaux de vie"},"content":{"rendered":"<p style=\"text-align: justify;\"><span style=\"color: #000000;\">L&rsquo;art de la distillation est transmis de g\u00e9n\u00e9ration en g\u00e9n\u00e9ration. Les fruits de nos vergers sont ramass\u00e9s l&rsquo;\u00e9t\u00e9\u00a0et laiss\u00e9s\u00a0en fermentation\u00a0jusqu&rsquo;\u00e0 l&rsquo;hiver, saison de la distillation. Puis la subtile alchimie na\u00eet pour donner une r\u00e9elle typicit\u00e9 \u00e0 travers un go\u00fbt authentique. C&rsquo;est la magie de l&rsquo;alambic. On ne garde que le \u00ab\u00a0c\u0153ur de chauffe\u00a0\u00bb.<\/span><\/p>\n<p style=\"text-align: justify;\"><span style=\"color: #000000;\">Les Eaux de vie passent ensuite \u00a0un hiver et un \u00e9t\u00e9 dans des bonbonnes sous influence des cycles de temp\u00e9ratures et des saisons pour \u00eatre ensuite embouteill\u00e9es.<\/span><\/p>\n<p style=\"text-align: justify;\"><strong><span style=\"color: #000000;\">Marc de Gewurztraminer<\/span><\/strong><\/p>\n<table style=\"border: 5px solid #eee; font-size: 12px; color: #fff;\" width=\"100%\" cellspacing=\"0\">\n<tbody>\n<tr>\n<td style=\"width: 1000px; text-align: justify;\"><strong><span style=\"color: #000000;\">70 cl<\/span><\/strong><\/td>\n<td style=\"width: 200px;\" rowspan=\"10\"><strong><span style=\"color: #000000;\"><a style=\"color: #000000;\" href=\"http:\/\/www.vins-humbrecht.com\/wp-content\/uploads\/2015\/10\/Marc-de-gw.jpg\"><img loading=\"lazy\" decoding=\"async\" class=\"size-medium wp-image-691 alignright\" src=\"http:\/\/www.vins-humbrecht.com\/wp-content\/uploads\/2015\/10\/Marc-de-gw-200x300.jpg\" alt=\"Marc de gw\" width=\"200\" height=\"300\" srcset=\"https:\/\/www.vins-humbrecht.com\/wp-content\/uploads\/2015\/10\/Marc-de-gw-200x300.jpg 200w, https:\/\/www.vins-humbrecht.com\/wp-content\/uploads\/2015\/10\/Marc-de-gw-300x450.jpg 300w, https:\/\/www.vins-humbrecht.com\/wp-content\/uploads\/2015\/10\/Marc-de-gw.jpg 481w\" sizes=\"auto, (max-width: 200px) 100vw, 200px\" \/><\/a><\/span><\/strong><\/td>\n<\/tr>\n<tr>\n<td style=\"width: 1000px; text-align: justify;\"><strong><span style=\"color: #000000;\">Alcool : 45\u00b0<\/span><\/strong><\/td>\n<\/tr>\n<tr>\n<td style=\"width: 1000px; text-align: justify;\"><strong><span style=\"color: #000000;\">Prix: 25.90\u20ac<\/span><\/strong><\/td>\n<\/tr>\n<\/tbody>\n<\/table>\n<p style=\"text-align: justify;\"><span style=\"color: #000000;\"><br \/>\n<strong>Mirabelle BIO<\/strong><\/span><\/p>\n<table style=\"border: 5px solid #eee; font-size: 12px; color: #fff;\" width=\"100%\" cellspacing=\"0\">\n<tbody>\n<tr>\n<td style=\"width: 1000px; text-align: justify;\"><strong><span style=\"color: #000000;\">70 cl<\/span><\/strong><\/td>\n<td style=\"width: 200px;\" rowspan=\"10\"><strong><span style=\"color: #000000;\"><a style=\"color: #000000;\" href=\"http:\/\/www.vins-humbrecht.com\/wp-content\/uploads\/2015\/10\/Mirabelle.jpg\"><img loading=\"lazy\" decoding=\"async\" class=\"alignright wp-image-682 size-medium\" src=\"http:\/\/www.vins-humbrecht.com\/wp-content\/uploads\/2015\/10\/Coing-200x300.jpg\" alt=\"Mirabelle\" width=\"200\" height=\"300\" srcset=\"https:\/\/www.vins-humbrecht.com\/wp-content\/uploads\/2015\/10\/Coing-200x300.jpg 200w, https:\/\/www.vins-humbrecht.com\/wp-content\/uploads\/2015\/10\/Coing-300x450.jpg 300w, https:\/\/www.vins-humbrecht.com\/wp-content\/uploads\/2015\/10\/Coing.jpg 481w\" sizes=\"auto, (max-width: 200px) 100vw, 200px\" \/><\/a><\/span><\/strong><\/td>\n<\/tr>\n<tr>\n<td style=\"width: 1000px; text-align: justify;\"><strong><span style=\"color: #000000;\">Alcool : 45\u00b0<\/span><\/strong><\/td>\n<\/tr>\n<tr>\n<td style=\"width: 1000px; text-align: justify;\"><strong><span style=\"color: #000000;\">Prix : 28.9<\/span><\/strong><strong><span style=\"color: #000000;\">0\u20ac<\/span><\/strong><\/td>\n<\/tr>\n<\/tbody>\n<\/table>\n<p style=\"text-align: justify;\"><strong><span style=\"color: #000000;\">Quetsch<\/span><\/strong><\/p>\n<table style=\"border: 5px solid #eee; font-size: 12px; color: #fff;\" width=\"100%\" cellspacing=\"0\">\n<tbody>\n<tr>\n<td style=\"width: 1000px; text-align: justify;\"><strong><span style=\"color: #000000;\">70 cl<\/span><\/strong><\/td>\n<td style=\"width: 200px;\" rowspan=\"10\"><strong><span style=\"color: #000000;\"><a style=\"color: #000000;\" href=\"http:\/\/www.vins-humbrecht.com\/wp-content\/uploads\/2015\/10\/Quetsch.jpg\"><img loading=\"lazy\" decoding=\"async\" class=\"size-medium wp-image-701 alignright\" src=\"http:\/\/www.vins-humbrecht.com\/wp-content\/uploads\/2015\/10\/Quetsch-200x300.jpg\" alt=\"Quetsch\" width=\"200\" height=\"300\" srcset=\"https:\/\/www.vins-humbrecht.com\/wp-content\/uploads\/2015\/10\/Quetsch-200x300.jpg 200w, https:\/\/www.vins-humbrecht.com\/wp-content\/uploads\/2015\/10\/Quetsch-300x450.jpg 300w, https:\/\/www.vins-humbrecht.com\/wp-content\/uploads\/2015\/10\/Quetsch.jpg 481w\" sizes=\"auto, (max-width: 200px) 100vw, 200px\" \/><\/a><\/span><\/strong><\/td>\n<\/tr>\n<tr>\n<td style=\"width: 1000px; text-align: justify;\"><strong><span style=\"color: #000000;\">Alcool : 45\u00b0<\/span><\/strong><\/td>\n<\/tr>\n<tr>\n<td style=\"width: 1000px; text-align: justify;\"><strong><span style=\"color: #000000;\">Prix : EPUISE<\/span><\/strong><\/td>\n<\/tr>\n<\/tbody>\n<\/table>\n<p style=\"text-align: justify;\"><strong><span style=\"color: #000000;\">Poire William&rsquo;s<\/span><\/strong><\/p>\n<table style=\"border: 5px solid #eee; font-size: 12px; color: #fff;\" width=\"100%\" cellspacing=\"0\">\n<tbody>\n<tr>\n<td style=\"width: 1000px; text-align: justify;\"><strong><span style=\"color: #000000;\">70 cl<\/span><\/strong><\/td>\n<td style=\"width: 200px;\" rowspan=\"10\"><strong><span style=\"color: #000000;\"><a style=\"color: #000000;\" href=\"http:\/\/www.vins-humbrecht.com\/wp-content\/uploads\/2015\/10\/Poire.jpg\"><img loading=\"lazy\" decoding=\"async\" class=\"size-medium wp-image-700 alignright\" src=\"http:\/\/www.vins-humbrecht.com\/wp-content\/uploads\/2015\/10\/Poire-200x300.jpg\" alt=\"Poire\" width=\"200\" height=\"300\" srcset=\"https:\/\/www.vins-humbrecht.com\/wp-content\/uploads\/2015\/10\/Poire-200x300.jpg 200w, https:\/\/www.vins-humbrecht.com\/wp-content\/uploads\/2015\/10\/Poire-300x450.jpg 300w, https:\/\/www.vins-humbrecht.com\/wp-content\/uploads\/2015\/10\/Poire.jpg 481w\" sizes=\"auto, (max-width: 200px) 100vw, 200px\" \/><\/a><\/span><\/strong><\/td>\n<\/tr>\n<tr>\n<td style=\"width: 1000px; text-align: justify;\"><strong><span style=\"color: #000000;\">Alcool : 45\u00b0<\/span><\/strong><\/td>\n<\/tr>\n<tr>\n<td style=\"width: 1000px; text-align: justify;\"><strong><span style=\"color: #000000;\">Prix : 28.90\u20ac<\/span><\/strong><\/td>\n<\/tr>\n<\/tbody>\n<\/table>\n<p style=\"text-align: justify;\"><strong><span style=\"color: #000000;\">Coing<\/span><\/strong><\/p>\n<table style=\"border: 5px solid #eee; font-size: 12px; color: #fff;\" width=\"100%\" cellspacing=\"0\">\n<tbody>\n<tr>\n<td style=\"width: 1000px; text-align: justify;\"><strong><span style=\"color: #000000;\">70 cl<\/span><\/strong><\/td>\n<td style=\"width: 200px;\" rowspan=\"10\"><strong><span style=\"color: #000000;\"><a style=\"color: #000000;\" href=\"http:\/\/www.vins-humbrecht.com\/wp-content\/uploads\/2015\/10\/Coing.jpg\"><img loading=\"lazy\" decoding=\"async\" class=\"alignright wp-image-682 size-medium\" src=\"http:\/\/www.vins-humbrecht.com\/wp-content\/uploads\/2015\/10\/Coing-200x300.jpg\" alt=\"Coing\" width=\"200\" height=\"300\" srcset=\"https:\/\/www.vins-humbrecht.com\/wp-content\/uploads\/2015\/10\/Coing-200x300.jpg 200w, https:\/\/www.vins-humbrecht.com\/wp-content\/uploads\/2015\/10\/Coing-300x450.jpg 300w, https:\/\/www.vins-humbrecht.com\/wp-content\/uploads\/2015\/10\/Coing.jpg 481w\" sizes=\"auto, (max-width: 200px) 100vw, 200px\" \/><\/a><\/span><\/strong><\/td>\n<\/tr>\n<tr>\n<td style=\"width: 1000px; text-align: justify;\"><strong><span style=\"color: #000000;\">Alcool : 45\u00b0<\/span><\/strong><\/td>\n<\/tr>\n<tr>\n<td style=\"width: 1000px; text-align: justify;\"><strong><span style=\"color: #000000;\">Prix : 28.90<\/span><\/strong><\/td>\n<\/tr>\n<\/tbody>\n<\/table>\n<p style=\"text-align: justify;\"><strong><span style=\"color: #000000;\">Eau de vie de vin<\/span><\/strong><\/p>\n<table style=\"border: 5px solid #eee; font-size: 12px; color: #fff;\" width=\"100%\" cellspacing=\"0\">\n<tbody>\n<tr>\n<td style=\"width: 1000px; text-align: justify;\"><strong><span style=\"color: #000000;\">70 cl<\/span><\/strong><\/td>\n<td style=\"width: 200px;\" rowspan=\"10\"><strong><span style=\"color: #000000;\"><a style=\"color: #000000;\" href=\"http:\/\/www.vins-humbrecht.com\/wp-content\/uploads\/2015\/10\/Eau-de-vie-vin.jpg\"><img loading=\"lazy\" decoding=\"async\" class=\"size-medium wp-image-686 alignright\" src=\"http:\/\/www.vins-humbrecht.com\/wp-content\/uploads\/2015\/10\/Eau-de-vie-vin-200x300.jpg\" alt=\"Eau de vie vin\" width=\"200\" height=\"300\" \/><\/a><\/span><\/strong><\/td>\n<\/tr>\n<tr>\n<td style=\"width: 1000px; text-align: justify;\"><strong><span style=\"color: #000000;\">Alcool : 45\u00b0<\/span><\/strong><\/td>\n<\/tr>\n<tr>\n<td style=\"width: 1000px; text-align: justify;\"><strong><span style=\"color: #000000;\">Prix : EPUISE<\/span><\/strong><\/td>\n<\/tr>\n<\/tbody>\n<\/table>\n","protected":false},"excerpt":{"rendered":"<p>L&rsquo;art de la distillation est transmis de g\u00e9n\u00e9ration en g\u00e9n\u00e9ration. Les fruits de nos vergers sont ramass\u00e9s l&rsquo;\u00e9t\u00e9\u00a0et laiss\u00e9s\u00a0en fermentation\u00a0jusqu&rsquo;\u00e0 l&rsquo;hiver, saison de la distillation. Puis la subtile alchimie na\u00eet pour donner une r\u00e9elle&#46;&#46;&#46;<\/p>\n","protected":false},"author":1,"featured_media":0,"parent":0,"menu_order":0,"comment_status":"closed","ping_status":"open","template":"","meta":{"footnotes":""},"class_list":["post-93","page","type-page","status-publish","hentry"],"_links":{"self":[{"href":"https:\/\/www.vins-humbrecht.com\/index.php\/wp-json\/wp\/v2\/pages\/93","targetHints":{"allow":["GET"]}}],"collection":[{"href":"https:\/\/www.vins-humbrecht.com\/index.php\/wp-json\/wp\/v2\/pages"}],"about":[{"href":"https:\/\/www.vins-humbrecht.com\/index.php\/wp-json\/wp\/v2\/types\/page"}],"author":[{"embeddable":true,"href":"https:\/\/www.vins-humbrecht.com\/index.php\/wp-json\/wp\/v2\/users\/1"}],"replies":[{"embeddable":true,"href":"https:\/\/www.vins-humbrecht.com\/index.php\/wp-json\/wp\/v2\/comments?post=93"}],"version-history":[{"count":96,"href":"https:\/\/www.vins-humbrecht.com\/index.php\/wp-json\/wp\/v2\/pages\/93\/revisions"}],"predecessor-version":[{"id":3253,"href":"https:\/\/www.vins-humbrecht.com\/index.php\/wp-json\/wp\/v2\/pages\/93\/revisions\/3253"}],"wp:attachment":[{"href":"https:\/\/www.vins-humbrecht.com\/index.php\/wp-json\/wp\/v2\/media?parent=93"}],"curies":[{"name":"wp","href":"https:\/\/api.w.org\/{rel}","templated":true}]}}