{"id":97,"date":"2015-07-20T14:03:27","date_gmt":"2015-07-20T13:03:27","guid":{"rendered":"http:\/\/localhost\/wordpress\/?page_id=97"},"modified":"2021-01-20T09:19:32","modified_gmt":"2021-01-20T08:19:32","slug":"salons","status":"publish","type":"page","link":"https:\/\/www.vins-humbrecht.com\/index.php\/salons\/","title":{"rendered":"Salons"},"content":{"rendered":"<p style=\"text-align: justify;\"><span style=\"color: #808080;\">Voici les diff\u00e9rents salons\u00a0o\u00f9 nous serons pr\u00e9sents :<\/span><\/p>\n<ul>\n<li style=\"text-align: justify;\"><span style=\"color: #808080;\">Foire des C\u00f4tes d&rsquo;Armor (Saint Brieuc 22) : Septembre\u00a0<\/span><\/li>\n<li><span style=\"color: #808080;\">Foire bio BiObernai (Obernai 68) : Septembre<\/span><\/li>\n<li style=\"text-align: justify;\"><span style=\"color: #808080;\">Rencontre des vignerons (Saint Junien 87) : Novembre<\/span><\/li>\n<li style=\"text-align: justify;\"><span style=\"color: #808080;\">Foire de la Saint Siffrein (Carpentras 84) : Novembre<\/span><\/li>\n<li style=\"text-align: justify;\"><span style=\"color: #808080;\">Foire des Riceys ( Riceys 10) : Novembre<\/span><\/li>\n<li style=\"text-align: justify;\"><span style=\"color: #808080;\">D\u00e9gustation association mets\/vins Gueberschwihr (au domaine) : D\u00e9cembre<\/span><\/li>\n<li style=\"text-align: justify;\"><span style=\"color: #808080;\">D\u00e9gustation du nouveau mill\u00e9sime Gueberschwihr (au domaine) : Mai\/Juin<\/span><\/li>\n<\/ul>\n","protected":false},"excerpt":{"rendered":"<p>Voici les diff\u00e9rents salons\u00a0o\u00f9 nous serons pr\u00e9sents : Foire des C\u00f4tes d&rsquo;Armor (Saint Brieuc 22) : Septembre\u00a0 Foire bio BiObernai (Obernai 68) : Septembre Rencontre des vignerons (Saint Junien 87) : Novembre Foire de&#46;&#46;&#46;<\/p>\n","protected":false},"author":1,"featured_media":0,"parent":0,"menu_order":0,"comment_status":"closed","ping_status":"open","template":"","meta":{"footnotes":""},"class_list":["post-97","page","type-page","status-publish","hentry"],"_links":{"self":[{"href":"https:\/\/www.vins-humbrecht.com\/index.php\/wp-json\/wp\/v2\/pages\/97","targetHints":{"allow":["GET"]}}],"collection":[{"href":"https:\/\/www.vins-humbrecht.com\/index.php\/wp-json\/wp\/v2\/pages"}],"about":[{"href":"https:\/\/www.vins-humbrecht.com\/index.php\/wp-json\/wp\/v2\/types\/page"}],"author":[{"embeddable":true,"href":"https:\/\/www.vins-humbrecht.com\/index.php\/wp-json\/wp\/v2\/users\/1"}],"replies":[{"embeddable":true,"href":"https:\/\/www.vins-humbrecht.com\/index.php\/wp-json\/wp\/v2\/comments?post=97"}],"version-history":[{"count":15,"href":"https:\/\/www.vins-humbrecht.com\/index.php\/wp-json\/wp\/v2\/pages\/97\/revisions"}],"predecessor-version":[{"id":2233,"href":"https:\/\/www.vins-humbrecht.com\/index.php\/wp-json\/wp\/v2\/pages\/97\/revisions\/2233"}],"wp:attachment":[{"href":"https:\/\/www.vins-humbrecht.com\/index.php\/wp-json\/wp\/v2\/media?parent=97"}],"curies":[{"name":"wp","href":"https:\/\/api.w.org\/{rel}","templated":true}]}}