{"id":99,"date":"2015-07-20T14:04:13","date_gmt":"2015-07-20T13:04:13","guid":{"rendered":"http:\/\/localhost\/wordpress\/?page_id=99"},"modified":"2024-10-22T08:44:45","modified_gmt":"2024-10-22T07:44:45","slug":"degustation-a-la-propriete","status":"publish","type":"page","link":"https:\/\/www.vins-humbrecht.com\/index.php\/degustation-a-la-propriete\/","title":{"rendered":"D\u00e9gustation \u00e0 la propri\u00e9t\u00e9"},"content":{"rendered":"<p>Nous vous accueillons au caveau pour la d\u00e9gustation de nos vins tous les jours du lundi au samedi de 9h30 \u00e0 12h00 et de 14h00 \u00e0 18h00.<\/p>\n<p>\u00a0<\/p>\n\n\n<figure class=\"wp-block-image size-large is-resized\"><img loading=\"lazy\" decoding=\"async\" width=\"1125\" height=\"1125\" src=\"https:\/\/www.vins-humbrecht.com\/wp-content\/uploads\/2021\/01\/caveau-3.jpg\" alt=\"\" class=\"wp-image-2119\" style=\"width:804px;height:804px\" srcset=\"https:\/\/www.vins-humbrecht.com\/wp-content\/uploads\/2021\/01\/caveau-3.jpg 1125w, https:\/\/www.vins-humbrecht.com\/wp-content\/uploads\/2021\/01\/caveau-3-300x300.jpg 300w, https:\/\/www.vins-humbrecht.com\/wp-content\/uploads\/2021\/01\/caveau-3-150x150.jpg 150w, https:\/\/www.vins-humbrecht.com\/wp-content\/uploads\/2021\/01\/caveau-3-768x768.jpg 768w, https:\/\/www.vins-humbrecht.com\/wp-content\/uploads\/2021\/01\/caveau-3-160x160.jpg 160w, https:\/\/www.vins-humbrecht.com\/wp-content\/uploads\/2021\/01\/caveau-3-320x320.jpg 320w, https:\/\/www.vins-humbrecht.com\/wp-content\/uploads\/2021\/01\/caveau-3-600x600.jpg 600w, https:\/\/www.vins-humbrecht.com\/wp-content\/uploads\/2021\/01\/caveau-3-100x100.jpg 100w\" sizes=\"auto, (max-width: 1125px) 100vw, 1125px\" \/><\/figure>\n","protected":false},"excerpt":{"rendered":"<p>Nous vous accueillons au caveau pour la d\u00e9gustation de nos vins tous les jours du lundi au samedi de 9h30 \u00e0 12h00 et de 14h00 \u00e0 18h00. \u00a0<\/p>\n","protected":false},"author":1,"featured_media":0,"parent":0,"menu_order":0,"comment_status":"closed","ping_status":"open","template":"","meta":{"footnotes":""},"class_list":["post-99","page","type-page","status-publish","hentry"],"_links":{"self":[{"href":"https:\/\/www.vins-humbrecht.com\/index.php\/wp-json\/wp\/v2\/pages\/99","targetHints":{"allow":["GET"]}}],"collection":[{"href":"https:\/\/www.vins-humbrecht.com\/index.php\/wp-json\/wp\/v2\/pages"}],"about":[{"href":"https:\/\/www.vins-humbrecht.com\/index.php\/wp-json\/wp\/v2\/types\/page"}],"author":[{"embeddable":true,"href":"https:\/\/www.vins-humbrecht.com\/index.php\/wp-json\/wp\/v2\/users\/1"}],"replies":[{"embeddable":true,"href":"https:\/\/www.vins-humbrecht.com\/index.php\/wp-json\/wp\/v2\/comments?post=99"}],"version-history":[{"count":14,"href":"https:\/\/www.vins-humbrecht.com\/index.php\/wp-json\/wp\/v2\/pages\/99\/revisions"}],"predecessor-version":[{"id":2938,"href":"https:\/\/www.vins-humbrecht.com\/index.php\/wp-json\/wp\/v2\/pages\/99\/revisions\/2938"}],"wp:attachment":[{"href":"https:\/\/www.vins-humbrecht.com\/index.php\/wp-json\/wp\/v2\/media?parent=99"}],"curies":[{"name":"wp","href":"https:\/\/api.w.org\/{rel}","templated":true}]}}