{"id":1878,"date":"2020-06-02T19:08:06","date_gmt":"2020-06-02T18:08:06","guid":{"rendered":"http:\/\/www.vins-humbrecht.com\/?post_type=product&#038;p=1878"},"modified":"2025-11-17T15:57:04","modified_gmt":"2025-11-17T14:57:04","slug":"riesling-origine-2016","status":"publish","type":"product","link":"https:\/\/www.vins-humbrecht.com\/index.php\/produit\/riesling-origine-2016\/","title":{"rendered":"Riesling Origine 2024"},"content":{"rendered":"<p><strong>Note de d\u00e9gustation : Un nez min\u00e9ral, pierre \u00e0 fusil, avec des notes d\u2019agrumes. En bouche, sec et rac\u00e9, la min\u00e9ralit\u00e9 continue de s\u2019exprimer avec des notes citronn\u00e9es.<\/strong><\/p>\n<p><strong>Accord : Incomparable avec les poissons, les crustac\u00e9s, les fruits de mer et bien s\u00fbr la choucroute.<\/strong><\/p>\n","protected":false},"excerpt":{"rendered":"<p>Note de d\u00e9gustation : Un nez min\u00e9ral, pierre \u00e0 fusil, avec des notes d\u2019agrumes. En bouche, sec et rac\u00e9, la min\u00e9ralit\u00e9 continue de s\u2019exprimer avec des notes citronn\u00e9es. Accord : Incomparable avec les poissons,&#46;&#46;&#46;<\/p>\n","protected":false},"featured_media":703,"template":"","meta":[],"product_brand":[],"product_cat":[10],"product_tag":[],"class_list":{"0":"post-1878","1":"product","2":"type-product","3":"status-publish","4":"has-post-thumbnail","6":"product_cat-gorigine","8":"first","9":"instock","10":"taxable","11":"shipping-taxable","12":"purchasable","13":"product-type-simple"},"_links":{"self":[{"href":"https:\/\/www.vins-humbrecht.com\/index.php\/wp-json\/wp\/v2\/product\/1878","targetHints":{"allow":["GET"]}}],"collection":[{"href":"https:\/\/www.vins-humbrecht.com\/index.php\/wp-json\/wp\/v2\/product"}],"about":[{"href":"https:\/\/www.vins-humbrecht.com\/index.php\/wp-json\/wp\/v2\/types\/product"}],"wp:featuredmedia":[{"embeddable":true,"href":"https:\/\/www.vins-humbrecht.com\/index.php\/wp-json\/wp\/v2\/media\/703"}],"wp:attachment":[{"href":"https:\/\/www.vins-humbrecht.com\/index.php\/wp-json\/wp\/v2\/media?parent=1878"}],"wp:term":[{"taxonomy":"product_brand","embeddable":true,"href":"https:\/\/www.vins-humbrecht.com\/index.php\/wp-json\/wp\/v2\/product_brand?post=1878"},{"taxonomy":"product_cat","embeddable":true,"href":"https:\/\/www.vins-humbrecht.com\/index.php\/wp-json\/wp\/v2\/product_cat?post=1878"},{"taxonomy":"product_tag","embeddable":true,"href":"https:\/\/www.vins-humbrecht.com\/index.php\/wp-json\/wp\/v2\/product_tag?post=1878"}],"curies":[{"name":"wp","href":"https:\/\/api.w.org\/{rel}","templated":true}]}}