{"id":1879,"date":"2020-06-02T19:09:18","date_gmt":"2020-06-02T18:09:18","guid":{"rendered":"http:\/\/www.vins-humbrecht.com\/?post_type=product&#038;p=1879"},"modified":"2025-08-14T13:52:49","modified_gmt":"2025-08-14T12:52:49","slug":"muscat-origine-2018","status":"publish","type":"product","link":"https:\/\/www.vins-humbrecht.com\/index.php\/produit\/muscat-origine-2018\/","title":{"rendered":"Muscat Origine 2024"},"content":{"rendered":"<p><strong>Note de d\u00e9gustation : Belle expression aromatique avec des notes de fleurs blanches et de p\u00eaches. Sec et gourmand avec une l\u00e9g\u00e8re rondeur en fin de bouche.<\/strong><\/p>\n<p><strong>Accord : Id\u00e9al \u00e0 l\u2019ap\u00e9ritif particuli\u00e8rement en \u00e9t\u00e9, avec les asperges et avec les desserts aux fruits.<\/strong><\/p>\n","protected":false},"excerpt":{"rendered":"<p>&nbsp;<\/p>\n<p>&nbsp;<\/p>\n","protected":false},"featured_media":693,"template":"","meta":[],"product_brand":[],"product_cat":[10],"product_tag":[],"class_list":{"0":"post-1879","1":"product","2":"type-product","3":"status-publish","4":"has-post-thumbnail","6":"product_cat-gorigine","8":"first","9":"instock","10":"taxable","11":"shipping-taxable","12":"purchasable","13":"product-type-simple"},"_links":{"self":[{"href":"https:\/\/www.vins-humbrecht.com\/index.php\/wp-json\/wp\/v2\/product\/1879","targetHints":{"allow":["GET"]}}],"collection":[{"href":"https:\/\/www.vins-humbrecht.com\/index.php\/wp-json\/wp\/v2\/product"}],"about":[{"href":"https:\/\/www.vins-humbrecht.com\/index.php\/wp-json\/wp\/v2\/types\/product"}],"wp:featuredmedia":[{"embeddable":true,"href":"https:\/\/www.vins-humbrecht.com\/index.php\/wp-json\/wp\/v2\/media\/693"}],"wp:attachment":[{"href":"https:\/\/www.vins-humbrecht.com\/index.php\/wp-json\/wp\/v2\/media?parent=1879"}],"wp:term":[{"taxonomy":"product_brand","embeddable":true,"href":"https:\/\/www.vins-humbrecht.com\/index.php\/wp-json\/wp\/v2\/product_brand?post=1879"},{"taxonomy":"product_cat","embeddable":true,"href":"https:\/\/www.vins-humbrecht.com\/index.php\/wp-json\/wp\/v2\/product_cat?post=1879"},{"taxonomy":"product_tag","embeddable":true,"href":"https:\/\/www.vins-humbrecht.com\/index.php\/wp-json\/wp\/v2\/product_tag?post=1879"}],"curies":[{"name":"wp","href":"https:\/\/api.w.org\/{rel}","templated":true}]}}