{"id":1880,"date":"2020-06-02T19:10:11","date_gmt":"2020-06-02T18:10:11","guid":{"rendered":"http:\/\/www.vins-humbrecht.com\/?post_type=product&#038;p=1880"},"modified":"2025-08-14T13:52:35","modified_gmt":"2025-08-14T12:52:35","slug":"pinot-gris-origine-2019","status":"publish","type":"product","link":"https:\/\/www.vins-humbrecht.com\/index.php\/produit\/pinot-gris-origine-2019\/","title":{"rendered":"Pinot Gris Origine 2023"},"content":{"rendered":"<p><strong>Note de d\u00e9gustation : Belle expression aromatique de fruits jaunes et des nuances fum\u00e9es. Fruit\u00e9 et gourmand, avec des notes d&rsquo;ananas Victoria.<\/strong><\/p>\n<p><strong>Accord : Excellent avec le gibier, les viandes blanches, les r\u00f4tis, les abats et accompagne parfaitement les buffets.<\/strong><\/p>\n<p>&nbsp;<\/p>\n","protected":false},"excerpt":{"rendered":"<p>Note de d\u00e9gustation : Belle expression aromatique de fruits jaunes et des nuances fum\u00e9es. Fruit\u00e9 et gourmand, avec des notes d&rsquo;ananas Victoria. Accord : Excellent avec le gibier, les viandes blanches, les r\u00f4tis, les&#46;&#46;&#46;<\/p>\n","protected":false},"featured_media":697,"template":"","meta":[],"product_brand":[],"product_cat":[10],"product_tag":[],"class_list":{"0":"post-1880","1":"product","2":"type-product","3":"status-publish","4":"has-post-thumbnail","6":"product_cat-gorigine","8":"first","9":"instock","10":"taxable","11":"shipping-taxable","12":"purchasable","13":"product-type-simple"},"_links":{"self":[{"href":"https:\/\/www.vins-humbrecht.com\/index.php\/wp-json\/wp\/v2\/product\/1880","targetHints":{"allow":["GET"]}}],"collection":[{"href":"https:\/\/www.vins-humbrecht.com\/index.php\/wp-json\/wp\/v2\/product"}],"about":[{"href":"https:\/\/www.vins-humbrecht.com\/index.php\/wp-json\/wp\/v2\/types\/product"}],"wp:featuredmedia":[{"embeddable":true,"href":"https:\/\/www.vins-humbrecht.com\/index.php\/wp-json\/wp\/v2\/media\/697"}],"wp:attachment":[{"href":"https:\/\/www.vins-humbrecht.com\/index.php\/wp-json\/wp\/v2\/media?parent=1880"}],"wp:term":[{"taxonomy":"product_brand","embeddable":true,"href":"https:\/\/www.vins-humbrecht.com\/index.php\/wp-json\/wp\/v2\/product_brand?post=1880"},{"taxonomy":"product_cat","embeddable":true,"href":"https:\/\/www.vins-humbrecht.com\/index.php\/wp-json\/wp\/v2\/product_cat?post=1880"},{"taxonomy":"product_tag","embeddable":true,"href":"https:\/\/www.vins-humbrecht.com\/index.php\/wp-json\/wp\/v2\/product_tag?post=1880"}],"curies":[{"name":"wp","href":"https:\/\/api.w.org\/{rel}","templated":true}]}}