{"id":1883,"date":"2020-06-02T19:13:07","date_gmt":"2020-06-02T18:13:07","guid":{"rendered":"http:\/\/www.vins-humbrecht.com\/?post_type=product&#038;p=1883"},"modified":"2025-08-14T13:52:04","modified_gmt":"2025-08-14T12:52:04","slug":"cremant-origine","status":"publish","type":"product","link":"https:\/\/www.vins-humbrecht.com\/index.php\/produit\/cremant-origine\/","title":{"rendered":"Cr\u00e9mant Origine"},"content":{"rendered":"<p><strong>Note de d\u00e9gustation : bouquet d\u00e9licatement fruit\u00e9 sur des notes de pomme verte, belle fra\u00eecheur avec une finale \u00e9quilibr\u00e9e.<\/strong><\/p>\n<p><strong>Accord : ap\u00e9ritif raffin\u00e9, vin de cocktail et de r\u00e9ception, il accompagne \u00e9galement les mets les plus vari\u00e9s tout au long d\u2019un repas.<\/strong><\/p>\n","protected":false},"excerpt":{"rendered":"<p>Note de d\u00e9gustation : bouquet d\u00e9licatement fruit\u00e9 sur des notes de pomme verte, belle fra\u00eecheur avec une finale \u00e9quilibr\u00e9e. Accord : ap\u00e9ritif raffin\u00e9, vin de cocktail et de r\u00e9ception, il accompagne \u00e9galement les mets&#46;&#46;&#46;<\/p>\n","protected":false},"featured_media":683,"template":"","meta":[],"product_brand":[],"product_cat":[30],"product_tag":[],"class_list":{"0":"post-1883","1":"product","2":"type-product","3":"status-publish","4":"has-post-thumbnail","6":"product_cat-gamme-cremant","8":"first","9":"instock","10":"taxable","11":"shipping-taxable","12":"purchasable","13":"product-type-simple"},"_links":{"self":[{"href":"https:\/\/www.vins-humbrecht.com\/index.php\/wp-json\/wp\/v2\/product\/1883","targetHints":{"allow":["GET"]}}],"collection":[{"href":"https:\/\/www.vins-humbrecht.com\/index.php\/wp-json\/wp\/v2\/product"}],"about":[{"href":"https:\/\/www.vins-humbrecht.com\/index.php\/wp-json\/wp\/v2\/types\/product"}],"wp:featuredmedia":[{"embeddable":true,"href":"https:\/\/www.vins-humbrecht.com\/index.php\/wp-json\/wp\/v2\/media\/683"}],"wp:attachment":[{"href":"https:\/\/www.vins-humbrecht.com\/index.php\/wp-json\/wp\/v2\/media?parent=1883"}],"wp:term":[{"taxonomy":"product_brand","embeddable":true,"href":"https:\/\/www.vins-humbrecht.com\/index.php\/wp-json\/wp\/v2\/product_brand?post=1883"},{"taxonomy":"product_cat","embeddable":true,"href":"https:\/\/www.vins-humbrecht.com\/index.php\/wp-json\/wp\/v2\/product_cat?post=1883"},{"taxonomy":"product_tag","embeddable":true,"href":"https:\/\/www.vins-humbrecht.com\/index.php\/wp-json\/wp\/v2\/product_tag?post=1883"}],"curies":[{"name":"wp","href":"https:\/\/api.w.org\/{rel}","templated":true}]}}