{"id":1884,"date":"2020-06-02T19:13:49","date_gmt":"2020-06-02T18:13:49","guid":{"rendered":"http:\/\/www.vins-humbrecht.com\/?post_type=product&#038;p=1884"},"modified":"2025-08-14T13:51:55","modified_gmt":"2025-08-14T12:51:55","slug":"cremant-elegance","status":"publish","type":"product","link":"https:\/\/www.vins-humbrecht.com\/index.php\/produit\/cremant-elegance\/","title":{"rendered":"Cr\u00e9mant El\u00e9gance"},"content":{"rendered":"<p><strong>Note de d\u00e9gustation : fruit\u00e9 avec des notes de framboise et de pomme verte et une fin de bouche sur la souplesse.<\/strong><\/p>\n<p><strong>Accord : parfait \u00e0 l\u2019ap\u00e9ritif, cocktails et r\u00e9ceptions.<\/strong><\/p>\n","protected":false},"excerpt":{"rendered":"<p>&nbsp;<\/p>\n<p>&nbsp;<\/p>\n","protected":false},"featured_media":684,"template":"","meta":[],"product_brand":[],"product_cat":[30],"product_tag":[],"class_list":{"0":"post-1884","1":"product","2":"type-product","3":"status-publish","4":"has-post-thumbnail","6":"product_cat-gamme-cremant","8":"first","9":"instock","10":"taxable","11":"shipping-taxable","12":"purchasable","13":"product-type-simple"},"_links":{"self":[{"href":"https:\/\/www.vins-humbrecht.com\/index.php\/wp-json\/wp\/v2\/product\/1884","targetHints":{"allow":["GET"]}}],"collection":[{"href":"https:\/\/www.vins-humbrecht.com\/index.php\/wp-json\/wp\/v2\/product"}],"about":[{"href":"https:\/\/www.vins-humbrecht.com\/index.php\/wp-json\/wp\/v2\/types\/product"}],"wp:featuredmedia":[{"embeddable":true,"href":"https:\/\/www.vins-humbrecht.com\/index.php\/wp-json\/wp\/v2\/media\/684"}],"wp:attachment":[{"href":"https:\/\/www.vins-humbrecht.com\/index.php\/wp-json\/wp\/v2\/media?parent=1884"}],"wp:term":[{"taxonomy":"product_brand","embeddable":true,"href":"https:\/\/www.vins-humbrecht.com\/index.php\/wp-json\/wp\/v2\/product_brand?post=1884"},{"taxonomy":"product_cat","embeddable":true,"href":"https:\/\/www.vins-humbrecht.com\/index.php\/wp-json\/wp\/v2\/product_cat?post=1884"},{"taxonomy":"product_tag","embeddable":true,"href":"https:\/\/www.vins-humbrecht.com\/index.php\/wp-json\/wp\/v2\/product_tag?post=1884"}],"curies":[{"name":"wp","href":"https:\/\/api.w.org\/{rel}","templated":true}]}}