{"id":1886,"date":"2020-06-02T19:15:47","date_gmt":"2020-06-02T18:15:47","guid":{"rendered":"http:\/\/www.vins-humbrecht.com\/?post_type=product&#038;p=1886"},"modified":"2025-08-14T13:51:39","modified_gmt":"2025-08-14T12:51:39","slug":"pinot-gris-cote-terre-2016","status":"publish","type":"product","link":"https:\/\/www.vins-humbrecht.com\/index.php\/produit\/pinot-gris-cote-terre-2016\/","title":{"rendered":"Pinot Gris C\u00f4t\u00e9 Terre 2023"},"content":{"rendered":"<p><strong>Note de d\u00e9gustation : Nez fruit\u00e9 aux notes de p\u00eache et d\u2019abricot. Moelleux en bouche, \u00e9quilibr\u00e9, avec une finale sur la richesse avec des notes de miel, de p\u00eache, et de mirabelle.<\/strong><\/p>\n<p><strong>Accord : Excellent avec le Foie Gras , la cuisine exotique sucr\u00e9e-sal\u00e9e, il agr\u00e9mente \u00e9galement vos ap\u00e9ritifs d\u00eenatoires et r\u00e9ceptions.<\/strong><\/p>\n","protected":false},"excerpt":{"rendered":"<p>&nbsp;<\/p>\n<p>&nbsp;<\/p>\n","protected":false},"featured_media":696,"template":"","meta":[],"product_brand":[],"product_cat":[26],"product_tag":[],"class_list":{"0":"post-1886","1":"product","2":"type-product","3":"status-publish","4":"has-post-thumbnail","6":"product_cat-gamme-cote-terre","8":"first","9":"instock","10":"taxable","11":"shipping-taxable","12":"purchasable","13":"product-type-simple"},"_links":{"self":[{"href":"https:\/\/www.vins-humbrecht.com\/index.php\/wp-json\/wp\/v2\/product\/1886","targetHints":{"allow":["GET"]}}],"collection":[{"href":"https:\/\/www.vins-humbrecht.com\/index.php\/wp-json\/wp\/v2\/product"}],"about":[{"href":"https:\/\/www.vins-humbrecht.com\/index.php\/wp-json\/wp\/v2\/types\/product"}],"wp:featuredmedia":[{"embeddable":true,"href":"https:\/\/www.vins-humbrecht.com\/index.php\/wp-json\/wp\/v2\/media\/696"}],"wp:attachment":[{"href":"https:\/\/www.vins-humbrecht.com\/index.php\/wp-json\/wp\/v2\/media?parent=1886"}],"wp:term":[{"taxonomy":"product_brand","embeddable":true,"href":"https:\/\/www.vins-humbrecht.com\/index.php\/wp-json\/wp\/v2\/product_brand?post=1886"},{"taxonomy":"product_cat","embeddable":true,"href":"https:\/\/www.vins-humbrecht.com\/index.php\/wp-json\/wp\/v2\/product_cat?post=1886"},{"taxonomy":"product_tag","embeddable":true,"href":"https:\/\/www.vins-humbrecht.com\/index.php\/wp-json\/wp\/v2\/product_tag?post=1886"}],"curies":[{"name":"wp","href":"https:\/\/api.w.org\/{rel}","templated":true}]}}