{"id":1887,"date":"2020-06-02T19:16:36","date_gmt":"2020-06-02T18:16:36","guid":{"rendered":"http:\/\/www.vins-humbrecht.com\/?post_type=product&#038;p=1887"},"modified":"2025-11-17T15:56:09","modified_gmt":"2025-11-17T14:56:09","slug":"gewurztraminer-cote-terre-2016","status":"publish","type":"product","link":"https:\/\/www.vins-humbrecht.com\/index.php\/produit\/gewurztraminer-cote-terre-2016\/","title":{"rendered":"Gewurztraminer C\u00f4t\u00e9 Terre 2023"},"content":{"rendered":"<p><strong>Note de d\u00e9gustation : Floral et \u00e9pic\u00e9, l\u00e9g\u00e8rement moelleux.<\/strong><\/p>\n<p><strong>Accord : Parfait \u00e0 l\u2019ap\u00e9ritif, avec les desserts ou tout simplement en dehors des repas.<\/strong><\/p>\n","protected":false},"excerpt":{"rendered":"<p>&nbsp;<\/p>\n<p>&nbsp;<\/p>\n","protected":false},"featured_media":687,"template":"","meta":[],"product_brand":[],"product_cat":[26],"product_tag":[],"class_list":{"0":"post-1887","1":"product","2":"type-product","3":"status-publish","4":"has-post-thumbnail","6":"product_cat-gamme-cote-terre","8":"first","9":"instock","10":"taxable","11":"shipping-taxable","12":"purchasable","13":"product-type-simple"},"_links":{"self":[{"href":"https:\/\/www.vins-humbrecht.com\/index.php\/wp-json\/wp\/v2\/product\/1887","targetHints":{"allow":["GET"]}}],"collection":[{"href":"https:\/\/www.vins-humbrecht.com\/index.php\/wp-json\/wp\/v2\/product"}],"about":[{"href":"https:\/\/www.vins-humbrecht.com\/index.php\/wp-json\/wp\/v2\/types\/product"}],"wp:featuredmedia":[{"embeddable":true,"href":"https:\/\/www.vins-humbrecht.com\/index.php\/wp-json\/wp\/v2\/media\/687"}],"wp:attachment":[{"href":"https:\/\/www.vins-humbrecht.com\/index.php\/wp-json\/wp\/v2\/media?parent=1887"}],"wp:term":[{"taxonomy":"product_brand","embeddable":true,"href":"https:\/\/www.vins-humbrecht.com\/index.php\/wp-json\/wp\/v2\/product_brand?post=1887"},{"taxonomy":"product_cat","embeddable":true,"href":"https:\/\/www.vins-humbrecht.com\/index.php\/wp-json\/wp\/v2\/product_cat?post=1887"},{"taxonomy":"product_tag","embeddable":true,"href":"https:\/\/www.vins-humbrecht.com\/index.php\/wp-json\/wp\/v2\/product_tag?post=1887"}],"curies":[{"name":"wp","href":"https:\/\/api.w.org\/{rel}","templated":true}]}}