{"id":1889,"date":"2020-06-02T19:18:22","date_gmt":"2020-06-02T18:18:22","guid":{"rendered":"http:\/\/www.vins-humbrecht.com\/?post_type=product&#038;p=1889"},"modified":"2025-08-14T13:51:07","modified_gmt":"2025-08-14T12:51:07","slug":"gewurztraminer-grand-cru-goldert-2018","status":"publish","type":"product","link":"https:\/\/www.vins-humbrecht.com\/index.php\/produit\/gewurztraminer-grand-cru-goldert-2018\/","title":{"rendered":"Gewurztraminer Grand Cru Goldert 2023"},"content":{"rendered":"<p><strong>Note de d\u00e9gustation : Robe dor\u00e9e, nez puissant, min\u00e9ral, silex avec de riches ar\u00f4mes floraux de rose, de jasmin et des notes de coriandre . Bouche charmeuse et suave, il est \u00e9quilibr\u00e9 en bouche, min\u00e9ral et fruit\u00e9 aux saveurs d\u2019abricot confit.<\/strong><\/p>\n<p><strong>Accord : Gourmandise en soi \u00e0 l\u2019ap\u00e9ritif mais \u00e9galement avec les fromages cors\u00e9s et les desserts.<\/strong><\/p>\n","protected":false},"excerpt":{"rendered":"<p>&nbsp;<\/p>\n<p>&nbsp;<\/p>\n","protected":false},"featured_media":688,"template":"","meta":[],"product_brand":[],"product_cat":[27],"product_tag":[],"class_list":{"0":"post-1889","1":"product","2":"type-product","3":"status-publish","4":"has-post-thumbnail","6":"product_cat-gamme-aurum-terrae","8":"first","9":"instock","10":"taxable","11":"shipping-taxable","12":"purchasable","13":"product-type-simple"},"_links":{"self":[{"href":"https:\/\/www.vins-humbrecht.com\/index.php\/wp-json\/wp\/v2\/product\/1889","targetHints":{"allow":["GET"]}}],"collection":[{"href":"https:\/\/www.vins-humbrecht.com\/index.php\/wp-json\/wp\/v2\/product"}],"about":[{"href":"https:\/\/www.vins-humbrecht.com\/index.php\/wp-json\/wp\/v2\/types\/product"}],"wp:featuredmedia":[{"embeddable":true,"href":"https:\/\/www.vins-humbrecht.com\/index.php\/wp-json\/wp\/v2\/media\/688"}],"wp:attachment":[{"href":"https:\/\/www.vins-humbrecht.com\/index.php\/wp-json\/wp\/v2\/media?parent=1889"}],"wp:term":[{"taxonomy":"product_brand","embeddable":true,"href":"https:\/\/www.vins-humbrecht.com\/index.php\/wp-json\/wp\/v2\/product_brand?post=1889"},{"taxonomy":"product_cat","embeddable":true,"href":"https:\/\/www.vins-humbrecht.com\/index.php\/wp-json\/wp\/v2\/product_cat?post=1889"},{"taxonomy":"product_tag","embeddable":true,"href":"https:\/\/www.vins-humbrecht.com\/index.php\/wp-json\/wp\/v2\/product_tag?post=1889"}],"curies":[{"name":"wp","href":"https:\/\/api.w.org\/{rel}","templated":true}]}}