{"id":1891,"date":"2020-06-02T19:20:19","date_gmt":"2020-06-02T18:20:19","guid":{"rendered":"http:\/\/www.vins-humbrecht.com\/?post_type=product&#038;p=1891"},"modified":"2025-08-14T13:50:54","modified_gmt":"2025-08-14T12:50:54","slug":"gewurztraminer-vendanges-tardives-2017","status":"publish","type":"product","link":"https:\/\/www.vins-humbrecht.com\/index.php\/produit\/gewurztraminer-vendanges-tardives-2017\/","title":{"rendered":"Gewurztraminer Vendanges Tardives 2020"},"content":{"rendered":"<p><strong>Note de d\u00e9gustation : Nez puissant, floral et \u00e9pic\u00e9 avec des notes de roses et de fruits exotiques. Mielleux et \u00e9quilibr\u00e9 en bouche, avec des ar\u00f4mes de chutney de mangue et d&rsquo;\u00e9pices.<\/strong><\/p>\n<p><strong>Accord : Il accompagne somptueusement le Foie Gras, les desserts et les grandes occasions.<\/strong><\/p>\n","protected":false},"excerpt":{"rendered":"<p><strong>Alcool : 12.34 % vol.<\/strong><\/p>\n<p><strong>Sucre restant : 86.6 g\/l<\/strong><\/p>\n<p>&nbsp;<\/p>\n","protected":false},"featured_media":690,"template":"","meta":[],"product_brand":[],"product_cat":[27],"product_tag":[],"class_list":{"0":"post-1891","1":"product","2":"type-product","3":"status-publish","4":"has-post-thumbnail","6":"product_cat-gamme-aurum-terrae","8":"first","9":"instock","10":"taxable","11":"shipping-taxable","12":"purchasable","13":"product-type-simple"},"_links":{"self":[{"href":"https:\/\/www.vins-humbrecht.com\/index.php\/wp-json\/wp\/v2\/product\/1891","targetHints":{"allow":["GET"]}}],"collection":[{"href":"https:\/\/www.vins-humbrecht.com\/index.php\/wp-json\/wp\/v2\/product"}],"about":[{"href":"https:\/\/www.vins-humbrecht.com\/index.php\/wp-json\/wp\/v2\/types\/product"}],"wp:featuredmedia":[{"embeddable":true,"href":"https:\/\/www.vins-humbrecht.com\/index.php\/wp-json\/wp\/v2\/media\/690"}],"wp:attachment":[{"href":"https:\/\/www.vins-humbrecht.com\/index.php\/wp-json\/wp\/v2\/media?parent=1891"}],"wp:term":[{"taxonomy":"product_brand","embeddable":true,"href":"https:\/\/www.vins-humbrecht.com\/index.php\/wp-json\/wp\/v2\/product_brand?post=1891"},{"taxonomy":"product_cat","embeddable":true,"href":"https:\/\/www.vins-humbrecht.com\/index.php\/wp-json\/wp\/v2\/product_cat?post=1891"},{"taxonomy":"product_tag","embeddable":true,"href":"https:\/\/www.vins-humbrecht.com\/index.php\/wp-json\/wp\/v2\/product_tag?post=1891"}],"curies":[{"name":"wp","href":"https:\/\/api.w.org\/{rel}","templated":true}]}}