{"id":1894,"date":"2020-06-02T19:22:22","date_gmt":"2020-06-02T18:22:22","guid":{"rendered":"http:\/\/www.vins-humbrecht.com\/?post_type=product&#038;p=1894"},"modified":"2025-08-14T13:50:33","modified_gmt":"2025-08-14T12:50:33","slug":"gewurztraminer-nature-2018","status":"publish","type":"product","link":"https:\/\/www.vins-humbrecht.com\/index.php\/produit\/gewurztraminer-nature-2018\/","title":{"rendered":"Gewurztraminer Nature 2020"},"content":{"rendered":"<p><strong>Note de d\u00e9gustation : Belle robe or rose, nez intense de litchi et de rose, le nez d\u00e9veloppe ensuite des ar\u00f4mes d\u2019herbes s\u00e9ch\u00e9es. L\u2019attaque en bouche est puissante avec une structure s\u00e8che et quelques amers en fin de bouche.<\/strong><\/p>\n<p><strong>Accord : Unique et original sur la table avec une cuisine \u00e9pic\u00e9e, des plats exotiques, mais \u00e9galement \u00e0 l\u2019ap\u00e9ritif.\u00a0<\/strong><\/p>\n","protected":false},"excerpt":{"rendered":"<p><strong>15.1 % vol.<\/strong><\/p>\n<p><strong>Sucre restant : 1.8 g\/l<\/strong><\/p>\n<p>&nbsp;<\/p>\n","protected":false},"featured_media":2181,"template":"","meta":[],"product_brand":[],"product_cat":[28],"product_tag":[],"class_list":{"0":"post-1894","1":"product","2":"type-product","3":"status-publish","4":"has-post-thumbnail","6":"product_cat-gamme-nature","8":"first","9":"instock","10":"taxable","11":"shipping-taxable","12":"purchasable","13":"product-type-simple"},"_links":{"self":[{"href":"https:\/\/www.vins-humbrecht.com\/index.php\/wp-json\/wp\/v2\/product\/1894","targetHints":{"allow":["GET"]}}],"collection":[{"href":"https:\/\/www.vins-humbrecht.com\/index.php\/wp-json\/wp\/v2\/product"}],"about":[{"href":"https:\/\/www.vins-humbrecht.com\/index.php\/wp-json\/wp\/v2\/types\/product"}],"wp:featuredmedia":[{"embeddable":true,"href":"https:\/\/www.vins-humbrecht.com\/index.php\/wp-json\/wp\/v2\/media\/2181"}],"wp:attachment":[{"href":"https:\/\/www.vins-humbrecht.com\/index.php\/wp-json\/wp\/v2\/media?parent=1894"}],"wp:term":[{"taxonomy":"product_brand","embeddable":true,"href":"https:\/\/www.vins-humbrecht.com\/index.php\/wp-json\/wp\/v2\/product_brand?post=1894"},{"taxonomy":"product_cat","embeddable":true,"href":"https:\/\/www.vins-humbrecht.com\/index.php\/wp-json\/wp\/v2\/product_cat?post=1894"},{"taxonomy":"product_tag","embeddable":true,"href":"https:\/\/www.vins-humbrecht.com\/index.php\/wp-json\/wp\/v2\/product_tag?post=1894"}],"curies":[{"name":"wp","href":"https:\/\/api.w.org\/{rel}","templated":true}]}}