{"id":1895,"date":"2020-06-02T19:22:52","date_gmt":"2020-06-02T18:22:52","guid":{"rendered":"http:\/\/www.vins-humbrecht.com\/?post_type=product&#038;p=1895"},"modified":"2025-08-14T13:50:23","modified_gmt":"2025-08-14T12:50:23","slug":"pinot-noir-nature-2018","status":"publish","type":"product","link":"https:\/\/www.vins-humbrecht.com\/index.php\/produit\/pinot-noir-nature-2018\/","title":{"rendered":"Pinot Noir Nature 2023"},"content":{"rendered":"<p><strong>Note de d\u00e9gustation : Belle robe rubis, nez charmeur, charpent\u00e9 avec des notes de fruits rouges et noirs et une fin de bouche vanill\u00e9e.<\/strong><\/p>\n<p><strong>Accord : Il d\u00e9voile toute son originalit\u00e9 avec les viandes rouges, le magret de canard, les gibiers et les fromages.<\/strong><\/p>\n","protected":false},"excerpt":{"rendered":"<p><strong>Alcool : 14.1 % vol<\/strong><\/p>\n<p><strong>Sucre restant : 2.6 g\/l<\/strong><\/p>\n<p>&nbsp;<\/p>\n","protected":false},"featured_media":2180,"template":"","meta":[],"product_brand":[],"product_cat":[28],"product_tag":[],"class_list":{"0":"post-1895","1":"product","2":"type-product","3":"status-publish","4":"has-post-thumbnail","6":"product_cat-gamme-nature","8":"first","9":"instock","10":"taxable","11":"shipping-taxable","12":"purchasable","13":"product-type-simple"},"_links":{"self":[{"href":"https:\/\/www.vins-humbrecht.com\/index.php\/wp-json\/wp\/v2\/product\/1895","targetHints":{"allow":["GET"]}}],"collection":[{"href":"https:\/\/www.vins-humbrecht.com\/index.php\/wp-json\/wp\/v2\/product"}],"about":[{"href":"https:\/\/www.vins-humbrecht.com\/index.php\/wp-json\/wp\/v2\/types\/product"}],"wp:featuredmedia":[{"embeddable":true,"href":"https:\/\/www.vins-humbrecht.com\/index.php\/wp-json\/wp\/v2\/media\/2180"}],"wp:attachment":[{"href":"https:\/\/www.vins-humbrecht.com\/index.php\/wp-json\/wp\/v2\/media?parent=1895"}],"wp:term":[{"taxonomy":"product_brand","embeddable":true,"href":"https:\/\/www.vins-humbrecht.com\/index.php\/wp-json\/wp\/v2\/product_brand?post=1895"},{"taxonomy":"product_cat","embeddable":true,"href":"https:\/\/www.vins-humbrecht.com\/index.php\/wp-json\/wp\/v2\/product_cat?post=1895"},{"taxonomy":"product_tag","embeddable":true,"href":"https:\/\/www.vins-humbrecht.com\/index.php\/wp-json\/wp\/v2\/product_tag?post=1895"}],"curies":[{"name":"wp","href":"https:\/\/api.w.org\/{rel}","templated":true}]}}